{"id":10273,"date":"2018-01-17T09:29:43","date_gmt":"2018-01-17T08:29:43","guid":{"rendered":"https:\/\/albycosale.com\/?page_id=10273"},"modified":"2024-05-31T14:30:15","modified_gmt":"2024-05-31T12:30:15","slug":"contactez-nous","status":"publish","type":"page","link":"https:\/\/albycosale.com\/fr\/contactez-nous\/","title":{"rendered":"Contactez Nous\/Service client\u00e8le"},"content":{"rendered":"[vc_row][vc_column width=&#8221;1\/2&#8243;][vc_column_text]<iframe style=\"border: 0;\" src=\"https:\/\/www.google.com\/maps\/embed?pb=!1m14!1m8!1m3!1d19802.842797556736!2d4.851673!3d51.65333!3m2!1i1024!2i768!4f13.1!3m3!1m2!1s0x0%3A0xdf7bfba5e8ef2fa9!2sAlbyco+Netherlands+BV!5e0!3m2!1sen!2snl!4v1512577066373\" width=\"600\" height=\"450\" frameborder=\"0\" allowfullscreen=\"allowfullscreen\" data-mce-fragment=\"1\"><span data-mce-type=\"bookmark\" style=\"display: inline-block; width: 0px; overflow: hidden; line-height: 0;\" class=\"mce_SELRES_start\">\ufeff<\/span><\/iframe>\r\n<table border=\"0\">\r\n<tbody>\r\n<tr>\r\n<td>\r\n<h1><strong>Albyco Nederland BV<\/strong><\/h1>\r\n<\/td>\r\n<td><\/td>\r\n<\/tr>\r\n<tr>\r\n<td>T\u00e9l\u00e9phone<\/td>\r\n<td>\u00a0<strong>+<\/strong><strong>31(0)162 486 286<\/strong><\/td>\r\n<\/tr>\r\n<tr>\r\n<td>E-mail<\/td>\r\n<td>\u00a0<strong>&#115;&#x61;&#108;&#x65;&#115;&#x40;a&#x6c;b&#121;&#x63;&#111;&#x2e;&#99;&#x6f;m<\/strong><\/td>\r\n<\/tr>\r\n<tr>\r\n<td><\/td>\r\n<td><\/td>\r\n<\/tr>\r\n<tr>\r\n<td><strong>Adresse de visite<\/strong><\/td>\r\n<td><strong> Adresse postale<\/strong><\/td>\r\n<\/tr>\r\n<tr>\r\n<td><strong>Albyco Netherlands BV<\/strong><\/td>\r\n<td><strong>Albyco Netherlands BV<\/strong><\/td>\r\n<\/tr>\r\n<tr>\r\n<td><strong>Elschot 2<\/strong><\/td>\r\n<td><strong>PO Box 6043<\/strong><\/td>\r\n<\/tr>\r\n<tr>\r\n<td><strong>4905 AZ Oosterhout<\/strong><\/td>\r\n<td><strong>4900 HA Oosterhout<\/strong><\/td>\r\n<\/tr>\r\n<tr>\r\n<td><\/td>\r\n<td><\/td>\r\n<\/tr>\r\n<tr>\r\n<td>Website<\/td>\r\n<td><strong>www.albyco.com<\/strong><\/td>\r\n<\/tr>\r\n<tr>\r\n<td>Heures d&#8217;ouverture<\/td>\r\n<td><strong>Du lundi au vendredi de 9h \u00e0 17h<\/strong><\/td>\r\n<\/tr>\r\n<tr>\r\n<td><\/td>\r\n<td><\/td>\r\n<\/tr>\r\n<tr>\r\n<td>Compte bancaire<\/td>\r\n<td><strong>HSBC<\/strong><\/td>\r\n<\/tr>\r\n<tr>\r\n<td><\/td>\r\n<td><strong>IBAN NL14<span data-markjs=\"true\">HSBC<\/span>1054172001<\/strong><\/td>\r\n<\/tr>\r\n<tr>\r\n<td><\/td>\r\n<td><strong>BIC HSBCNL2A<\/strong><\/td>\r\n<\/tr>\r\n<tr>\r\n<td><\/td>\r\n<td><\/td>\r\n<\/tr>\r\n<tr>\r\n<td>\u00a0\u00a0\u00a0Chamber of Commerce<\/td>\r\n<td><strong>16080577<\/strong><\/td>\r\n<\/tr>\r\n<\/tbody>\r\n<\/table>\r\n<table border=\"0\">\r\n<tbody>\r\n<tr>\r\n<td><\/td>\r\n<td><\/td>\r\n<\/tr>\r\n<\/tbody>\r\n<\/table>\r\n[\/vc_column_text][\/vc_column][vc_column width=&#8221;1\/2&#8243;]<div role=\"form\" class=\"wpcf7\" id=\"wpcf7-f10278-o1\" lang=\"nl-NL\" dir=\"ltr\">\n<div class=\"screen-reader-response\"><p role=\"status\" aria-live=\"polite\" aria-atomic=\"true\"><\/p> <ul><\/ul><\/div>\n<form action=\"\/fr\/wp-json\/wp\/v2\/pages\/10273#wpcf7-f10278-o1\" method=\"post\" class=\"wpcf7-form init\" novalidate=\"novalidate\" data-status=\"init\">\n<div style=\"display: none;\">\n<input type=\"hidden\" name=\"_wpcf7\" value=\"10278\" \/>\n<input type=\"hidden\" name=\"_wpcf7_version\" value=\"5.5.6\" \/>\n<input type=\"hidden\" name=\"_wpcf7_locale\" value=\"nl_NL\" \/>\n<input type=\"hidden\" name=\"_wpcf7_unit_tag\" value=\"wpcf7-f10278-o1\" \/>\n<input type=\"hidden\" name=\"_wpcf7_container_post\" value=\"0\" \/>\n<input type=\"hidden\" name=\"_wpcf7_posted_data_hash\" value=\"\" \/>\n<\/div>\n<div class=\"input-wrapper\">\n<input type=\"text\" name=\"lom-name\" value=\"\" size=\"40\" class=\"wpcf7-form-control wpcf7-text wpcf7-validates-as-required text-input\" aria-required=\"true\" aria-invalid=\"false\" \/><br \/>\n<span class=\"bar\"><\/span><br \/>\n<label>Nom<\/label>\n<\/div>\n<div class=\"input-wrapper\">\n<input type=\"email\" name=\"lom-email\" value=\"\" size=\"40\" class=\"wpcf7-form-control wpcf7-text wpcf7-email wpcf7-validates-as-required wpcf7-validates-as-email text-input\" aria-required=\"true\" aria-invalid=\"false\" \/><br \/>\n<span class=\"bar\"><\/span><br \/>\n<label>E-mail<\/label>\n<\/div>\n<div class=\"input-wrapper\">\n<input type=\"tel\" name=\"lom-tel\" value=\"\" size=\"40\" class=\"wpcf7-form-control wpcf7-text wpcf7-tel wpcf7-validates-as-required wpcf7-validates-as-tel text-input\" aria-required=\"true\" aria-invalid=\"false\" \/><br \/>\n<span class=\"bar\"><\/span><br \/>\n<label>Num\u00e9ro de t\u00e9l\u00e9phone<\/label>\n<\/div>\n<div class=\"input-wrapper\">\n<input type=\"text\" name=\"lom-company\" value=\"\" size=\"40\" class=\"wpcf7-form-control wpcf7-text wpcf7-validates-as-required text-input\" aria-required=\"true\" aria-invalid=\"false\" \/><br \/>\n<span class=\"bar\"><\/span><br \/>\n<label>Compagnie<\/label>\n<\/div>\n<div class=\"comment-wrapper\">\n<textarea name=\"lom-message\" cols=\"40\" rows=\"10\" class=\"wpcf7-form-control wpcf7-textarea wpcf7-validates-as-required text-input\" aria-required=\"true\" aria-invalid=\"false\"><\/textarea><br \/>\n<label>Message<\/label>\n<\/div>\n<p><input type=\"submit\" value=\"Send\" class=\"wpcf7-form-control has-spinner wpcf7-submit\" \/><\/p>\n<div class=\"wpcf7-response-output\" aria-hidden=\"true\"><\/div><\/form><\/div>[\/vc_column][\/vc_row]","protected":false},"excerpt":{"rendered":"<p>[vc_row][vc_column width=&#8221;1\/2&#8243;][vc_column_text]\ufeff Albyco Nederland BV T\u00e9l\u00e9phone \u00a0+31(0)162 486 286 E-mail \u00a0&#115;a&#x6c;e&#x73;&#64;&#x61;l&#x62;y&#x63;o&#x2e;&#99;&#x6f;&#109; Adresse de visite Adresse postale Albyco Netherlands BV Albyco Netherlands BV Elschot 2 PO Box 6043 4905 AZ Oosterhout 4900 HA Oosterhout Website www.albyco.com Heures d&#8217;ouverture Du lundi au vendredi de 9h \u00e0 17h Compte bancaire HSBC IBAN NL14HSBC1054172001 BIC HSBCNL2A \u00a0\u00a0\u00a0Chamber of Commerce [&hellip;]<\/p>\n","protected":false},"author":4,"featured_media":0,"parent":0,"menu_order":55,"comment_status":"closed","ping_status":"closed","template":"","meta":[],"yoast_head":"<!-- This site is optimized with the Yoast SEO plugin v18.6 - https:\/\/yoast.com\/wordpress\/plugins\/seo\/ -->\n<title>Service \u00e0 la client\u00e8le d&#039;Albyco<\/title>\n<meta name=\"description\" content=\"Service \u00e0 la client\u00e8le d&#039;Albyco Si vous avez besoin d&#039;aide pour votre choix ou si vous avez une question, veuillez contacter notre service client\u00e8le. Albyco est disponible les jours ouvrables entre 8h15 et 17h15 \u00e0 travers divers canaux.\" \/>\n<meta name=\"robots\" content=\"index, follow, max-snippet:-1, max-image-preview:large, max-video-preview:-1\" \/>\n<link rel=\"canonical\" href=\"https:\/\/albycosale.com\/fr\/contactez-nous\/\" \/>\n<meta property=\"og:locale\" content=\"fr_FR\" \/>\n<meta property=\"og:type\" content=\"article\" \/>\n<meta property=\"og:title\" content=\"Service \u00e0 la client\u00e8le d&#039;Albyco\" \/>\n<meta property=\"og:description\" content=\"Service \u00e0 la client\u00e8le d&#039;Albyco Si vous avez besoin d&#039;aide pour votre choix ou si vous avez une question, veuillez contacter notre service client\u00e8le. Albyco est disponible les jours ouvrables entre 8h15 et 17h15 \u00e0 travers divers canaux.\" \/>\n<meta property=\"og:url\" content=\"https:\/\/albycosale.com\/fr\/contactez-nous\/\" \/>\n<meta property=\"og:site_name\" content=\"Albyco\" \/>\n<meta property=\"article:modified_time\" content=\"2024-05-31T12:30:15+00:00\" \/>\n<meta name=\"twitter:card\" content=\"summary\" \/>\n<meta name=\"twitter:site\" content=\"@AlbycoNederland\" \/>\n<script type=\"application\/ld+json\" class=\"yoast-schema-graph\">{\"@context\":\"https:\/\/schema.org\",\"@graph\":[{\"@type\":\"Organization\",\"@id\":\"https:\/\/albycosale.com\/#organization\",\"name\":\"Albyco Nederland B.V.\",\"url\":\"https:\/\/albycosale.com\/\",\"sameAs\":[\"https:\/\/www.linkedin.com\/company\/18015670\/\",\"https:\/\/www.youtube.com\/user\/AlbycoNederland\",\"https:\/\/nl.pinterest.com\/albyco\",\"https:\/\/twitter.com\/AlbycoNederland\"],\"logo\":{\"@type\":\"ImageObject\",\"@id\":\"https:\/\/albycosale.com\/#logo\",\"inLanguage\":\"fr-FR\",\"url\":\"https:\/\/albycosale.com\/wp-content\/uploads\/2017\/07\/albyco_logo_hd.png\",\"contentUrl\":\"https:\/\/albycosale.com\/wp-content\/uploads\/2017\/07\/albyco_logo_hd.png\",\"width\":300,\"height\":300,\"caption\":\"Albyco Nederland B.V.\"},\"image\":{\"@id\":\"https:\/\/albycosale.com\/#logo\"}},{\"@type\":\"WebSite\",\"@id\":\"https:\/\/albycosale.com\/#website\",\"url\":\"https:\/\/albycosale.com\/\",\"name\":\"Albyco\",\"description\":\"Leverancier voor nabewerking van geprinte media\",\"publisher\":{\"@id\":\"https:\/\/albycosale.com\/#organization\"},\"potentialAction\":[{\"@type\":\"SearchAction\",\"target\":{\"@type\":\"EntryPoint\",\"urlTemplate\":\"https:\/\/albycosale.com\/?s={search_term_string}\"},\"query-input\":\"required name=search_term_string\"}],\"inLanguage\":\"fr-FR\"},{\"@type\":\"WebPage\",\"@id\":\"https:\/\/albycosale.com\/fr\/contactez-nous\/#webpage\",\"url\":\"https:\/\/albycosale.com\/fr\/contactez-nous\/\",\"name\":\"Service \u00e0 la client\u00e8le d'Albyco\",\"isPartOf\":{\"@id\":\"https:\/\/albycosale.com\/#website\"},\"datePublished\":\"2018-01-17T08:29:43+00:00\",\"dateModified\":\"2024-05-31T12:30:15+00:00\",\"description\":\"Service \u00e0 la client\u00e8le d'Albyco Si vous avez besoin d'aide pour votre choix ou si vous avez une question, veuillez contacter notre service client\u00e8le. Albyco est disponible les jours ouvrables entre 8h15 et 17h15 \u00e0 travers divers canaux.\",\"breadcrumb\":{\"@id\":\"https:\/\/albycosale.com\/fr\/contactez-nous\/#breadcrumb\"},\"inLanguage\":\"fr-FR\",\"potentialAction\":[{\"@type\":\"ReadAction\",\"target\":[\"https:\/\/albycosale.com\/fr\/contactez-nous\/\"]}]},{\"@type\":\"BreadcrumbList\",\"@id\":\"https:\/\/albycosale.com\/fr\/contactez-nous\/#breadcrumb\",\"itemListElement\":[{\"@type\":\"ListItem\",\"position\":1,\"name\":\"Home\",\"item\":\"https:\/\/albycosale.com\/fr\/\"},{\"@type\":\"ListItem\",\"position\":2,\"name\":\"Contactez Nous\/Service client\u00e8le\"}]}]}<\/script>\n<!-- \/ Yoast SEO plugin. -->","yoast_head_json":{"title":"Service \u00e0 la client\u00e8le d'Albyco","description":"Service \u00e0 la client\u00e8le d'Albyco Si vous avez besoin d'aide pour votre choix ou si vous avez une question, veuillez contacter notre service client\u00e8le. Albyco est disponible les jours ouvrables entre 8h15 et 17h15 \u00e0 travers divers canaux.","robots":{"index":"index","follow":"follow","max-snippet":"max-snippet:-1","max-image-preview":"max-image-preview:large","max-video-preview":"max-video-preview:-1"},"canonical":"https:\/\/albycosale.com\/fr\/contactez-nous\/","og_locale":"fr_FR","og_type":"article","og_title":"Service \u00e0 la client\u00e8le d'Albyco","og_description":"Service \u00e0 la client\u00e8le d'Albyco Si vous avez besoin d'aide pour votre choix ou si vous avez une question, veuillez contacter notre service client\u00e8le. Albyco est disponible les jours ouvrables entre 8h15 et 17h15 \u00e0 travers divers canaux.","og_url":"https:\/\/albycosale.com\/fr\/contactez-nous\/","og_site_name":"Albyco","article_modified_time":"2024-05-31T12:30:15+00:00","twitter_card":"summary","twitter_site":"@AlbycoNederland","schema":{"@context":"https:\/\/schema.org","@graph":[{"@type":"Organization","@id":"https:\/\/albycosale.com\/#organization","name":"Albyco Nederland B.V.","url":"https:\/\/albycosale.com\/","sameAs":["https:\/\/www.linkedin.com\/company\/18015670\/","https:\/\/www.youtube.com\/user\/AlbycoNederland","https:\/\/nl.pinterest.com\/albyco","https:\/\/twitter.com\/AlbycoNederland"],"logo":{"@type":"ImageObject","@id":"https:\/\/albycosale.com\/#logo","inLanguage":"fr-FR","url":"https:\/\/albycosale.com\/wp-content\/uploads\/2017\/07\/albyco_logo_hd.png","contentUrl":"https:\/\/albycosale.com\/wp-content\/uploads\/2017\/07\/albyco_logo_hd.png","width":300,"height":300,"caption":"Albyco Nederland B.V."},"image":{"@id":"https:\/\/albycosale.com\/#logo"}},{"@type":"WebSite","@id":"https:\/\/albycosale.com\/#website","url":"https:\/\/albycosale.com\/","name":"Albyco","description":"Leverancier voor nabewerking van geprinte media","publisher":{"@id":"https:\/\/albycosale.com\/#organization"},"potentialAction":[{"@type":"SearchAction","target":{"@type":"EntryPoint","urlTemplate":"https:\/\/albycosale.com\/?s={search_term_string}"},"query-input":"required name=search_term_string"}],"inLanguage":"fr-FR"},{"@type":"WebPage","@id":"https:\/\/albycosale.com\/fr\/contactez-nous\/#webpage","url":"https:\/\/albycosale.com\/fr\/contactez-nous\/","name":"Service \u00e0 la client\u00e8le d'Albyco","isPartOf":{"@id":"https:\/\/albycosale.com\/#website"},"datePublished":"2018-01-17T08:29:43+00:00","dateModified":"2024-05-31T12:30:15+00:00","description":"Service \u00e0 la client\u00e8le d'Albyco Si vous avez besoin d'aide pour votre choix ou si vous avez une question, veuillez contacter notre service client\u00e8le. Albyco est disponible les jours ouvrables entre 8h15 et 17h15 \u00e0 travers divers canaux.","breadcrumb":{"@id":"https:\/\/albycosale.com\/fr\/contactez-nous\/#breadcrumb"},"inLanguage":"fr-FR","potentialAction":[{"@type":"ReadAction","target":["https:\/\/albycosale.com\/fr\/contactez-nous\/"]}]},{"@type":"BreadcrumbList","@id":"https:\/\/albycosale.com\/fr\/contactez-nous\/#breadcrumb","itemListElement":[{"@type":"ListItem","position":1,"name":"Home","item":"https:\/\/albycosale.com\/fr\/"},{"@type":"ListItem","position":2,"name":"Contactez Nous\/Service client\u00e8le"}]}]}},"_links":{"self":[{"href":"https:\/\/albycosale.com\/fr\/wp-json\/wp\/v2\/pages\/10273"}],"collection":[{"href":"https:\/\/albycosale.com\/fr\/wp-json\/wp\/v2\/pages"}],"about":[{"href":"https:\/\/albycosale.com\/fr\/wp-json\/wp\/v2\/types\/page"}],"author":[{"embeddable":true,"href":"https:\/\/albycosale.com\/fr\/wp-json\/wp\/v2\/users\/4"}],"replies":[{"embeddable":true,"href":"https:\/\/albycosale.com\/fr\/wp-json\/wp\/v2\/comments?post=10273"}],"version-history":[{"count":14,"href":"https:\/\/albycosale.com\/fr\/wp-json\/wp\/v2\/pages\/10273\/revisions"}],"predecessor-version":[{"id":42987,"href":"https:\/\/albycosale.com\/fr\/wp-json\/wp\/v2\/pages\/10273\/revisions\/42987"}],"wp:attachment":[{"href":"https:\/\/albycosale.com\/fr\/wp-json\/wp\/v2\/media?parent=10273"}],"curies":[{"name":"wp","href":"https:\/\/api.w.org\/{rel}","templated":true}]}}