{"id":11487,"date":"2018-03-23T11:16:41","date_gmt":"2018-03-23T10:16:41","guid":{"rendered":"https:\/\/albycosale.com\/producten\/lamineren\/"},"modified":"2018-07-31T16:06:15","modified_gmt":"2018-07-31T14:06:15","slug":"lamineren","status":"publish","type":"page","link":"https:\/\/albycosale.com\/fr\/producten\/lamineren\/","title":{"rendered":"Lamination"},"content":{"rendered":"[vc_row][vc_column]\n<div class=\"lom-title align-left \">\n\t<h1>\n\t\tLaminage\t<\/h1>\n\t<\/div>[\/vc_column][\/vc_row][vc_row][vc_column][vc_column_text]\r\n<h2>Plastification<\/h2>\r\nAlbyco propose l&#8217;ensemble le plus complet de machines \u00e0 plastifier et de mat\u00e9riaux de stratification avec lesquels vous pouvez plastifier professionnellement. Nous sommes heureux de vous aider \u00e0 travers les diff\u00e9rentes m\u00e9thodes de laminage, les machines de plastification \/ plastification et la gamme de pochettes de laminage et de laminage.[\/vc_column_text]<div class=\"woocommerce columns-5\"><ul class=\"products columns-5\">\n<li class=\"product-category product first\">\n\t\n<div class=\"lom-title align-left \">\n\t<h2>\n\t\tRouleaux de laminage\t<\/h2>\n\t<\/div><div class=\"product-cat-image-wrapper\">\n<a class=\"lom-button align-center\" href=\"https:\/\/albycosale.com\/fr\/product-categorie\/consommables\/plastifier\/rouleaux-de-laminage\/\" target=\"_self\">\n\tVoir tout<\/a><\/div><\/li>\n<li class=\"product-category product\">\n\t\n<div class=\"lom-title align-left \">\n\t<h2>\n\t\tLes pochettes \u00e0 plastifier\t<\/h2>\n\t<\/div><div class=\"product-cat-image-wrapper\">\n<a class=\"lom-button align-center\" href=\"https:\/\/albycosale.com\/fr\/product-categorie\/consommables\/plastifier\/les-pochettes-a-plastifier\/\" target=\"_self\">\n\tVoir tout<\/a><\/div><\/li>\n<li class=\"product-category product\">\n\t\n<div class=\"lom-title align-left \">\n\t<h2>\n\t\tFeuilles acryliques\t<\/h2>\n\t<\/div><div class=\"product-cat-image-wrapper\">\n<a class=\"lom-button align-center\" href=\"https:\/\/albycosale.com\/fr\/product-categorie\/consommables\/plastifier\/feuilles-acryliques\/\" target=\"_self\">\n\tVoir tout<\/a><\/div><\/li>\n<\/ul>\n<\/div>[\/vc_column][\/vc_row][vc_row][vc_column][\/vc_column][\/vc_row]","protected":false},"excerpt":{"rendered":"<p>[vc_row][vc_column][\/vc_column][\/vc_row][vc_row][vc_column][vc_column_text] Plastification Albyco propose l&#8217;ensemble le plus complet de machines \u00e0 plastifier et de mat\u00e9riaux de stratification avec lesquels vous pouvez plastifier professionnellement. Nous sommes heureux de vous aider \u00e0 travers les diff\u00e9rentes m\u00e9thodes de laminage, les machines de plastification \/ plastification et la gamme de pochettes de laminage et de laminage.[\/vc_column_text][\/vc_column][\/vc_row][vc_row][vc_column][\/vc_column][\/vc_row]<\/p>\n","protected":false},"author":1,"featured_media":8344,"parent":7140,"menu_order":35,"comment_status":"closed","ping_status":"closed","template":"","meta":[],"yoast_head":"<!-- This site is optimized with the Yoast SEO plugin v18.6 - https:\/\/yoast.com\/wordpress\/plugins\/seo\/ -->\n<title>Laminage<\/title>\n<meta name=\"description\" content=\"Albyco propose l&#039;ensemble le plus complet de machines \u00e0 plastifier et de mat\u00e9riaux de stratification avec lesquels vous pouvez plastifier professionnellement.\" \/>\n<meta name=\"robots\" content=\"index, follow, max-snippet:-1, max-image-preview:large, max-video-preview:-1\" \/>\n<link rel=\"canonical\" href=\"https:\/\/albycosale.com\/fr\/producten\/lamineren\/\" \/>\n<meta property=\"og:locale\" content=\"fr_FR\" \/>\n<meta property=\"og:type\" content=\"article\" \/>\n<meta property=\"og:title\" content=\"Laminage\" \/>\n<meta property=\"og:description\" content=\"Albyco propose l&#039;ensemble le plus complet de machines \u00e0 plastifier et de mat\u00e9riaux de stratification avec lesquels vous pouvez plastifier professionnellement.\" \/>\n<meta property=\"og:url\" content=\"https:\/\/albycosale.com\/fr\/producten\/lamineren\/\" \/>\n<meta property=\"og:site_name\" content=\"Albyco\" \/>\n<meta property=\"article:modified_time\" content=\"2018-07-31T14:06:15+00:00\" \/>\n<meta name=\"twitter:card\" content=\"summary\" \/>\n<meta name=\"twitter:image\" content=\"https:\/\/albycosale.com\/wp-content\/uploads\/2017\/07\/verpakken.svg\" \/>\n<meta name=\"twitter:site\" content=\"@AlbycoNederland\" \/>\n<script type=\"application\/ld+json\" class=\"yoast-schema-graph\">{\"@context\":\"https:\/\/schema.org\",\"@graph\":[{\"@type\":\"Organization\",\"@id\":\"https:\/\/albycosale.com\/#organization\",\"name\":\"Albyco Nederland B.V.\",\"url\":\"https:\/\/albycosale.com\/\",\"sameAs\":[\"https:\/\/www.linkedin.com\/company\/18015670\/\",\"https:\/\/www.youtube.com\/user\/AlbycoNederland\",\"https:\/\/nl.pinterest.com\/albyco\",\"https:\/\/twitter.com\/AlbycoNederland\"],\"logo\":{\"@type\":\"ImageObject\",\"@id\":\"https:\/\/albycosale.com\/#logo\",\"inLanguage\":\"fr-FR\",\"url\":\"https:\/\/albycosale.com\/wp-content\/uploads\/2017\/07\/albyco_logo_hd.png\",\"contentUrl\":\"https:\/\/albycosale.com\/wp-content\/uploads\/2017\/07\/albyco_logo_hd.png\",\"width\":300,\"height\":300,\"caption\":\"Albyco Nederland B.V.\"},\"image\":{\"@id\":\"https:\/\/albycosale.com\/#logo\"}},{\"@type\":\"WebSite\",\"@id\":\"https:\/\/albycosale.com\/#website\",\"url\":\"https:\/\/albycosale.com\/\",\"name\":\"Albyco\",\"description\":\"Leverancier voor nabewerking van geprinte media\",\"publisher\":{\"@id\":\"https:\/\/albycosale.com\/#organization\"},\"potentialAction\":[{\"@type\":\"SearchAction\",\"target\":{\"@type\":\"EntryPoint\",\"urlTemplate\":\"https:\/\/albycosale.com\/?s={search_term_string}\"},\"query-input\":\"required name=search_term_string\"}],\"inLanguage\":\"fr-FR\"},{\"@type\":\"ImageObject\",\"@id\":\"https:\/\/albycosale.com\/fr\/producten\/lamineren\/#primaryimage\",\"inLanguage\":\"fr-FR\",\"url\":\"https:\/\/albycosale.com\/wp-content\/uploads\/2017\/07\/verpakken.svg\",\"contentUrl\":\"https:\/\/albycosale.com\/wp-content\/uploads\/2017\/07\/verpakken.svg\",\"caption\":\"verpakken rood\"},{\"@type\":\"WebPage\",\"@id\":\"https:\/\/albycosale.com\/fr\/producten\/lamineren\/#webpage\",\"url\":\"https:\/\/albycosale.com\/fr\/producten\/lamineren\/\",\"name\":\"Laminage\",\"isPartOf\":{\"@id\":\"https:\/\/albycosale.com\/#website\"},\"primaryImageOfPage\":{\"@id\":\"https:\/\/albycosale.com\/fr\/producten\/lamineren\/#primaryimage\"},\"datePublished\":\"2018-03-23T10:16:41+00:00\",\"dateModified\":\"2018-07-31T14:06:15+00:00\",\"description\":\"Albyco propose l'ensemble le plus complet de machines \u00e0 plastifier et de mat\u00e9riaux de stratification avec lesquels vous pouvez plastifier professionnellement.\",\"breadcrumb\":{\"@id\":\"https:\/\/albycosale.com\/fr\/producten\/lamineren\/#breadcrumb\"},\"inLanguage\":\"fr-FR\",\"potentialAction\":[{\"@type\":\"ReadAction\",\"target\":[\"https:\/\/albycosale.com\/fr\/producten\/lamineren\/\"]}]},{\"@type\":\"BreadcrumbList\",\"@id\":\"https:\/\/albycosale.com\/fr\/producten\/lamineren\/#breadcrumb\",\"itemListElement\":[{\"@type\":\"ListItem\",\"position\":1,\"name\":\"Home\",\"item\":\"https:\/\/albycosale.com\/fr\/\"},{\"@type\":\"ListItem\",\"position\":2,\"name\":\"Les produits\",\"item\":\"https:\/\/albycosale.com\/fr\/producten\/\"},{\"@type\":\"ListItem\",\"position\":3,\"name\":\"Lamination\"}]}]}<\/script>\n<!-- \/ Yoast SEO plugin. -->","yoast_head_json":{"title":"Laminage","description":"Albyco propose l'ensemble le plus complet de machines \u00e0 plastifier et de mat\u00e9riaux de stratification avec lesquels vous pouvez plastifier professionnellement.","robots":{"index":"index","follow":"follow","max-snippet":"max-snippet:-1","max-image-preview":"max-image-preview:large","max-video-preview":"max-video-preview:-1"},"canonical":"https:\/\/albycosale.com\/fr\/producten\/lamineren\/","og_locale":"fr_FR","og_type":"article","og_title":"Laminage","og_description":"Albyco propose l'ensemble le plus complet de machines \u00e0 plastifier et de mat\u00e9riaux de stratification avec lesquels vous pouvez plastifier professionnellement.","og_url":"https:\/\/albycosale.com\/fr\/producten\/lamineren\/","og_site_name":"Albyco","article_modified_time":"2018-07-31T14:06:15+00:00","twitter_card":"summary","twitter_image":"https:\/\/albycosale.com\/wp-content\/uploads\/2017\/07\/verpakken.svg","twitter_site":"@AlbycoNederland","schema":{"@context":"https:\/\/schema.org","@graph":[{"@type":"Organization","@id":"https:\/\/albycosale.com\/#organization","name":"Albyco Nederland B.V.","url":"https:\/\/albycosale.com\/","sameAs":["https:\/\/www.linkedin.com\/company\/18015670\/","https:\/\/www.youtube.com\/user\/AlbycoNederland","https:\/\/nl.pinterest.com\/albyco","https:\/\/twitter.com\/AlbycoNederland"],"logo":{"@type":"ImageObject","@id":"https:\/\/albycosale.com\/#logo","inLanguage":"fr-FR","url":"https:\/\/albycosale.com\/wp-content\/uploads\/2017\/07\/albyco_logo_hd.png","contentUrl":"https:\/\/albycosale.com\/wp-content\/uploads\/2017\/07\/albyco_logo_hd.png","width":300,"height":300,"caption":"Albyco Nederland B.V."},"image":{"@id":"https:\/\/albycosale.com\/#logo"}},{"@type":"WebSite","@id":"https:\/\/albycosale.com\/#website","url":"https:\/\/albycosale.com\/","name":"Albyco","description":"Leverancier voor nabewerking van geprinte media","publisher":{"@id":"https:\/\/albycosale.com\/#organization"},"potentialAction":[{"@type":"SearchAction","target":{"@type":"EntryPoint","urlTemplate":"https:\/\/albycosale.com\/?s={search_term_string}"},"query-input":"required name=search_term_string"}],"inLanguage":"fr-FR"},{"@type":"ImageObject","@id":"https:\/\/albycosale.com\/fr\/producten\/lamineren\/#primaryimage","inLanguage":"fr-FR","url":"https:\/\/albycosale.com\/wp-content\/uploads\/2017\/07\/verpakken.svg","contentUrl":"https:\/\/albycosale.com\/wp-content\/uploads\/2017\/07\/verpakken.svg","caption":"verpakken rood"},{"@type":"WebPage","@id":"https:\/\/albycosale.com\/fr\/producten\/lamineren\/#webpage","url":"https:\/\/albycosale.com\/fr\/producten\/lamineren\/","name":"Laminage","isPartOf":{"@id":"https:\/\/albycosale.com\/#website"},"primaryImageOfPage":{"@id":"https:\/\/albycosale.com\/fr\/producten\/lamineren\/#primaryimage"},"datePublished":"2018-03-23T10:16:41+00:00","dateModified":"2018-07-31T14:06:15+00:00","description":"Albyco propose l'ensemble le plus complet de machines \u00e0 plastifier et de mat\u00e9riaux de stratification avec lesquels vous pouvez plastifier professionnellement.","breadcrumb":{"@id":"https:\/\/albycosale.com\/fr\/producten\/lamineren\/#breadcrumb"},"inLanguage":"fr-FR","potentialAction":[{"@type":"ReadAction","target":["https:\/\/albycosale.com\/fr\/producten\/lamineren\/"]}]},{"@type":"BreadcrumbList","@id":"https:\/\/albycosale.com\/fr\/producten\/lamineren\/#breadcrumb","itemListElement":[{"@type":"ListItem","position":1,"name":"Home","item":"https:\/\/albycosale.com\/fr\/"},{"@type":"ListItem","position":2,"name":"Les produits","item":"https:\/\/albycosale.com\/fr\/producten\/"},{"@type":"ListItem","position":3,"name":"Lamination"}]}]}},"_links":{"self":[{"href":"https:\/\/albycosale.com\/fr\/wp-json\/wp\/v2\/pages\/11487"}],"collection":[{"href":"https:\/\/albycosale.com\/fr\/wp-json\/wp\/v2\/pages"}],"about":[{"href":"https:\/\/albycosale.com\/fr\/wp-json\/wp\/v2\/types\/page"}],"author":[{"embeddable":true,"href":"https:\/\/albycosale.com\/fr\/wp-json\/wp\/v2\/users\/1"}],"replies":[{"embeddable":true,"href":"https:\/\/albycosale.com\/fr\/wp-json\/wp\/v2\/comments?post=11487"}],"version-history":[{"count":4,"href":"https:\/\/albycosale.com\/fr\/wp-json\/wp\/v2\/pages\/11487\/revisions"}],"predecessor-version":[{"id":18624,"href":"https:\/\/albycosale.com\/fr\/wp-json\/wp\/v2\/pages\/11487\/revisions\/18624"}],"up":[{"embeddable":true,"href":"https:\/\/albycosale.com\/fr\/wp-json\/wp\/v2\/pages\/7140"}],"wp:featuredmedia":[{"embeddable":true,"href":"https:\/\/albycosale.com\/fr\/wp-json\/wp\/v2\/media\/8344"}],"wp:attachment":[{"href":"https:\/\/albycosale.com\/fr\/wp-json\/wp\/v2\/media?parent=11487"}],"curies":[{"name":"wp","href":"https:\/\/api.w.org\/{rel}","templated":true}]}}