{"id":35917,"date":"2022-01-28T09:08:45","date_gmt":"2022-01-28T08:08:45","guid":{"rendered":"https:\/\/albycosale.com\/?page_id=35917"},"modified":"2022-01-28T09:08:45","modified_gmt":"2022-01-28T08:08:45","slug":"avis-de-non-responsabilite","status":"publish","type":"page","link":"https:\/\/albycosale.com\/fr\/avis-de-non-responsabilite\/","title":{"rendered":"Avis de non-responsabilit\u00e9"},"content":{"rendered":"[vc_row][vc_column][vc_column_text]Albyco Nederland B.V. s&#8217;efforce de maintenir ce site Web \u00e0 jour et pr\u00e9cis. Si vous deviez n\u00e9anmoins trouver quelque chose d&#8217;incorrect ou d&#8217;obsol\u00e8te, nous vous serions reconnaissants de nous le faire savoir. Veuillez indiquer o\u00f9 vous avez lu les informations sur le site web. Nous nous pencherons alors sur la question dans les plus brefs d\u00e9lais. Veuillez envoyer vos commentaires par e-mail \u00e0 : <a href=\"ma&#105;&#108;&#116;&#x6f;&#x3a;&#x73;&#x61;le&#115;&#64;&#97;&#x6c;&#x62;&#x79;&#x63;o&#46;&#99;&#111;&#109;\">sal&#101;&#115;&#64;&#x61;&#x6c;&#x62;&#x79;&#x63;&#x6f;&#46;co&#109;<\/a>.\r\n\r\nNous ne sommes pas responsables des dommages r\u00e9sultant d&#8217;erreurs ou d&#8217;omissions, ni des dommages r\u00e9sultant de probl\u00e8mes caus\u00e9s par ou inh\u00e9rents \u00e0 la distribution d&#8217;informations via Internet, tels que des d\u00e9faillances ou des interruptions. Lorsque nous utilisons des formulaires web, nous nous effor\u00e7ons de limiter au maximum le nombre de champs obligatoires. Albyco Nederland B.V. n&#8217;accepte aucune responsabilit\u00e9 pour les pertes subies \u00e0 la suite de l&#8217;utilisation de donn\u00e9es, de conseils ou d&#8217;id\u00e9es fournis par Albyco Nederland B.V. ou en son nom par le biais du pr\u00e9sent site Web.\r\n\r\nL&#8217;utilisation du site web et de tous ses composants (y compris les forums) est soumise \u00e0 des <a href=\"https:\/\/albycosale.com\/klantenservice\/algemene-voorwaarden\/\">conditions d&#8217;utilisation<\/a>. La simple utilisation de ce site web implique la connaissance et l&#8217;acceptation de ces conditions d&#8217;utilisation.\r\n\r\nLes r\u00e9ponses et les demandes de confidentialit\u00e9 soumises par courrier \u00e9lectronique ou via un formulaire web seront trait\u00e9es de la m\u00eame mani\u00e8re que les lettres. Cela signifie que vous pouvez attendre une r\u00e9ponse de notre part dans un d\u00e9lai d&#8217;un mois au plus tard. En cas de demandes complexes, nous vous ferons savoir dans un d\u00e9lai d&#8217;un mois si nous avons besoin d&#8217;un maximum de trois mois.\r\n\r\nToutes les donn\u00e9es personnelles que vous nous fournissez dans le cadre de votre r\u00e9ponse ou de votre demande d&#8217;information ne seront utilis\u00e9es que conform\u00e9ment \u00e0 notre d\u00e9claration de confidentialit\u00e9.\r\n\r\nAlbyco Nederland B.V. d\u00e9cline toute responsabilit\u00e9 quant au contenu des sites Web vers lesquels ou \u00e0 partir desquels un hyperlien ou une autre r\u00e9f\u00e9rence est faite. Les produits ou services offerts par des tiers sont soumis aux conditions g\u00e9n\u00e9rales applicables de ces tiers.\r\n\r\nTous les droits de propri\u00e9t\u00e9 intellectuelle relatifs au contenu du pr\u00e9sent site Web appartiennent \u00e0 Albyco Nederland B.V. ou \u00e0 des tiers qui ont plac\u00e9 eux-m\u00eames le contenu ou dont Albyco Nederland B.V. a obtenu une licence d&#8217;utilisation.\r\n\r\nLa copie, la distribution et toute autre utilisation de ces documents sont interdites sans l&#8217;autorisation \u00e9crite d&#8217;Albyco Nederland B.V., sauf et seulement dans la mesure o\u00f9 il en est d\u00e9cid\u00e9 autrement dans les r\u00e8glements de droit imp\u00e9ratif (comme le droit de citation), sauf si le contenu sp\u00e9cifique en d\u00e9cide autrement.\r\n\r\nSi vous avez des questions ou des probl\u00e8mes concernant l&#8217;accessibilit\u00e9 du site web, n&#8217;h\u00e9sitez pas \u00e0 nous contacter.[\/vc_column_text][\/vc_column][\/vc_row]","protected":false},"excerpt":{"rendered":"<p>[vc_row][vc_column][vc_column_text]Albyco Nederland B.V. s&#8217;efforce de maintenir ce site Web \u00e0 jour et pr\u00e9cis. Si vous deviez n\u00e9anmoins trouver quelque chose d&#8217;incorrect ou d&#8217;obsol\u00e8te, nous vous serions reconnaissants de nous le faire savoir. Veuillez indiquer o\u00f9 vous avez lu les informations sur le site web. Nous nous pencherons alors sur la question dans les plus brefs [&hellip;]<\/p>\n","protected":false},"author":4,"featured_media":0,"parent":0,"menu_order":9,"comment_status":"closed","ping_status":"closed","template":"","meta":[],"yoast_head":"<!-- This site is optimized with the Yoast SEO plugin v18.6 - https:\/\/yoast.com\/wordpress\/plugins\/seo\/ -->\n<title>Avis de non-responsabilit\u00e9 - Albyco<\/title>\n<meta name=\"description\" content=\"Albyco Nederland B.V. s&#039;efforce de maintenir ce site Web \u00e0 jour et pr\u00e9cis. Si vous deviez n\u00e9anmoins trouver quelque chose d&#039;incorrect ou d&#039;obsol\u00e8te, nous\" \/>\n<meta name=\"robots\" content=\"index, follow, max-snippet:-1, max-image-preview:large, max-video-preview:-1\" \/>\n<link rel=\"canonical\" href=\"https:\/\/albycosale.com\/fr\/avis-de-non-responsabilite\/\" \/>\n<meta property=\"og:locale\" content=\"fr_FR\" \/>\n<meta property=\"og:type\" content=\"article\" \/>\n<meta property=\"og:title\" content=\"Avis de non-responsabilit\u00e9 - Albyco\" \/>\n<meta property=\"og:description\" content=\"Albyco Nederland B.V. s&#039;efforce de maintenir ce site Web \u00e0 jour et pr\u00e9cis. Si vous deviez n\u00e9anmoins trouver quelque chose d&#039;incorrect ou d&#039;obsol\u00e8te, nous\" \/>\n<meta property=\"og:url\" content=\"https:\/\/albycosale.com\/fr\/avis-de-non-responsabilite\/\" \/>\n<meta property=\"og:site_name\" content=\"Albyco\" \/>\n<meta name=\"twitter:card\" content=\"summary\" \/>\n<meta name=\"twitter:site\" content=\"@AlbycoNederland\" \/>\n<meta name=\"twitter:label1\" content=\"Dur\u00e9e de lecture estim\u00e9e\" \/>\n\t<meta name=\"twitter:data1\" content=\"2 minutes\" \/>\n<script type=\"application\/ld+json\" class=\"yoast-schema-graph\">{\"@context\":\"https:\/\/schema.org\",\"@graph\":[{\"@type\":\"Organization\",\"@id\":\"https:\/\/albycosale.com\/#organization\",\"name\":\"Albyco Nederland B.V.\",\"url\":\"https:\/\/albycosale.com\/\",\"sameAs\":[\"https:\/\/www.linkedin.com\/company\/18015670\/\",\"https:\/\/www.youtube.com\/user\/AlbycoNederland\",\"https:\/\/nl.pinterest.com\/albyco\",\"https:\/\/twitter.com\/AlbycoNederland\"],\"logo\":{\"@type\":\"ImageObject\",\"@id\":\"https:\/\/albycosale.com\/#logo\",\"inLanguage\":\"fr-FR\",\"url\":\"https:\/\/albycosale.com\/wp-content\/uploads\/2017\/07\/albyco_logo_hd.png\",\"contentUrl\":\"https:\/\/albycosale.com\/wp-content\/uploads\/2017\/07\/albyco_logo_hd.png\",\"width\":300,\"height\":300,\"caption\":\"Albyco Nederland B.V.\"},\"image\":{\"@id\":\"https:\/\/albycosale.com\/#logo\"}},{\"@type\":\"WebSite\",\"@id\":\"https:\/\/albycosale.com\/#website\",\"url\":\"https:\/\/albycosale.com\/\",\"name\":\"Albyco\",\"description\":\"Leverancier voor nabewerking van geprinte media\",\"publisher\":{\"@id\":\"https:\/\/albycosale.com\/#organization\"},\"potentialAction\":[{\"@type\":\"SearchAction\",\"target\":{\"@type\":\"EntryPoint\",\"urlTemplate\":\"https:\/\/albycosale.com\/?s={search_term_string}\"},\"query-input\":\"required name=search_term_string\"}],\"inLanguage\":\"fr-FR\"},{\"@type\":\"WebPage\",\"@id\":\"https:\/\/albycosale.com\/fr\/avis-de-non-responsabilite\/#webpage\",\"url\":\"https:\/\/albycosale.com\/fr\/avis-de-non-responsabilite\/\",\"name\":\"Avis de non-responsabilit\u00e9 - Albyco\",\"isPartOf\":{\"@id\":\"https:\/\/albycosale.com\/#website\"},\"datePublished\":\"2022-01-28T08:08:45+00:00\",\"dateModified\":\"2022-01-28T08:08:45+00:00\",\"description\":\"Albyco Nederland B.V. s'efforce de maintenir ce site Web \u00e0 jour et pr\u00e9cis. Si vous deviez n\u00e9anmoins trouver quelque chose d'incorrect ou d'obsol\u00e8te, nous\",\"breadcrumb\":{\"@id\":\"https:\/\/albycosale.com\/fr\/avis-de-non-responsabilite\/#breadcrumb\"},\"inLanguage\":\"fr-FR\",\"potentialAction\":[{\"@type\":\"ReadAction\",\"target\":[\"https:\/\/albycosale.com\/fr\/avis-de-non-responsabilite\/\"]}]},{\"@type\":\"BreadcrumbList\",\"@id\":\"https:\/\/albycosale.com\/fr\/avis-de-non-responsabilite\/#breadcrumb\",\"itemListElement\":[{\"@type\":\"ListItem\",\"position\":1,\"name\":\"Home\",\"item\":\"https:\/\/albycosale.com\/fr\/\"},{\"@type\":\"ListItem\",\"position\":2,\"name\":\"Avis de non-responsabilit\u00e9\"}]}]}<\/script>\n<!-- \/ Yoast SEO plugin. -->","yoast_head_json":{"title":"Avis de non-responsabilit\u00e9 - Albyco","description":"Albyco Nederland B.V. s'efforce de maintenir ce site Web \u00e0 jour et pr\u00e9cis. Si vous deviez n\u00e9anmoins trouver quelque chose d'incorrect ou d'obsol\u00e8te, nous","robots":{"index":"index","follow":"follow","max-snippet":"max-snippet:-1","max-image-preview":"max-image-preview:large","max-video-preview":"max-video-preview:-1"},"canonical":"https:\/\/albycosale.com\/fr\/avis-de-non-responsabilite\/","og_locale":"fr_FR","og_type":"article","og_title":"Avis de non-responsabilit\u00e9 - Albyco","og_description":"Albyco Nederland B.V. s'efforce de maintenir ce site Web \u00e0 jour et pr\u00e9cis. Si vous deviez n\u00e9anmoins trouver quelque chose d'incorrect ou d'obsol\u00e8te, nous","og_url":"https:\/\/albycosale.com\/fr\/avis-de-non-responsabilite\/","og_site_name":"Albyco","twitter_card":"summary","twitter_site":"@AlbycoNederland","twitter_misc":{"Dur\u00e9e de lecture estim\u00e9e":"2 minutes"},"schema":{"@context":"https:\/\/schema.org","@graph":[{"@type":"Organization","@id":"https:\/\/albycosale.com\/#organization","name":"Albyco Nederland B.V.","url":"https:\/\/albycosale.com\/","sameAs":["https:\/\/www.linkedin.com\/company\/18015670\/","https:\/\/www.youtube.com\/user\/AlbycoNederland","https:\/\/nl.pinterest.com\/albyco","https:\/\/twitter.com\/AlbycoNederland"],"logo":{"@type":"ImageObject","@id":"https:\/\/albycosale.com\/#logo","inLanguage":"fr-FR","url":"https:\/\/albycosale.com\/wp-content\/uploads\/2017\/07\/albyco_logo_hd.png","contentUrl":"https:\/\/albycosale.com\/wp-content\/uploads\/2017\/07\/albyco_logo_hd.png","width":300,"height":300,"caption":"Albyco Nederland B.V."},"image":{"@id":"https:\/\/albycosale.com\/#logo"}},{"@type":"WebSite","@id":"https:\/\/albycosale.com\/#website","url":"https:\/\/albycosale.com\/","name":"Albyco","description":"Leverancier voor nabewerking van geprinte media","publisher":{"@id":"https:\/\/albycosale.com\/#organization"},"potentialAction":[{"@type":"SearchAction","target":{"@type":"EntryPoint","urlTemplate":"https:\/\/albycosale.com\/?s={search_term_string}"},"query-input":"required name=search_term_string"}],"inLanguage":"fr-FR"},{"@type":"WebPage","@id":"https:\/\/albycosale.com\/fr\/avis-de-non-responsabilite\/#webpage","url":"https:\/\/albycosale.com\/fr\/avis-de-non-responsabilite\/","name":"Avis de non-responsabilit\u00e9 - Albyco","isPartOf":{"@id":"https:\/\/albycosale.com\/#website"},"datePublished":"2022-01-28T08:08:45+00:00","dateModified":"2022-01-28T08:08:45+00:00","description":"Albyco Nederland B.V. s'efforce de maintenir ce site Web \u00e0 jour et pr\u00e9cis. Si vous deviez n\u00e9anmoins trouver quelque chose d'incorrect ou d'obsol\u00e8te, nous","breadcrumb":{"@id":"https:\/\/albycosale.com\/fr\/avis-de-non-responsabilite\/#breadcrumb"},"inLanguage":"fr-FR","potentialAction":[{"@type":"ReadAction","target":["https:\/\/albycosale.com\/fr\/avis-de-non-responsabilite\/"]}]},{"@type":"BreadcrumbList","@id":"https:\/\/albycosale.com\/fr\/avis-de-non-responsabilite\/#breadcrumb","itemListElement":[{"@type":"ListItem","position":1,"name":"Home","item":"https:\/\/albycosale.com\/fr\/"},{"@type":"ListItem","position":2,"name":"Avis de non-responsabilit\u00e9"}]}]}},"_links":{"self":[{"href":"https:\/\/albycosale.com\/fr\/wp-json\/wp\/v2\/pages\/35917"}],"collection":[{"href":"https:\/\/albycosale.com\/fr\/wp-json\/wp\/v2\/pages"}],"about":[{"href":"https:\/\/albycosale.com\/fr\/wp-json\/wp\/v2\/types\/page"}],"author":[{"embeddable":true,"href":"https:\/\/albycosale.com\/fr\/wp-json\/wp\/v2\/users\/4"}],"replies":[{"embeddable":true,"href":"https:\/\/albycosale.com\/fr\/wp-json\/wp\/v2\/comments?post=35917"}],"version-history":[{"count":2,"href":"https:\/\/albycosale.com\/fr\/wp-json\/wp\/v2\/pages\/35917\/revisions"}],"predecessor-version":[{"id":35919,"href":"https:\/\/albycosale.com\/fr\/wp-json\/wp\/v2\/pages\/35917\/revisions\/35919"}],"wp:attachment":[{"href":"https:\/\/albycosale.com\/fr\/wp-json\/wp\/v2\/media?parent=35917"}],"curies":[{"name":"wp","href":"https:\/\/api.w.org\/{rel}","templated":true}]}}