{"id":9370,"date":"2017-07-24T15:50:08","date_gmt":"2017-07-24T13:50:08","guid":{"rendered":"https:\/\/albycosale.com\/producten\/verpakken\/"},"modified":"2018-07-31T16:13:21","modified_gmt":"2018-07-31T14:13:21","slug":"verpakken","status":"publish","type":"page","link":"https:\/\/albycosale.com\/fr\/producten\/verpakken\/","title":{"rendered":"Syst\u00e8mes d`emballage"},"content":{"rendered":"[vc_row][vc_column]\n<div class=\"lom-title align-left \">\n\t<h1>\n\t\tSyst\u00e8mes d`emballage\t<\/h1>\n\t<\/div>[vc_row_inner][vc_column_inner width=&#8221;2\/3&#8243;][vc_column_text]L`achat d`une machine d`emballage est un choix difficile. Vous devez tenir compte de divers facteurs et diff\u00e9rents types d\u2019emballages.\r\nAlbyco fournit des machines d`emballages, comme la scelleuse, enti\u00e8rement \u00e9tanche avec un syst\u00e8me de r\u00e9tr\u00e9cissement, marque Albyco. Ces machines sont id\u00e9ales pour l\u2019interface graphique pour optimiser l\u2019impression d\u2019emballage. Vos produits sont emball\u00e9s de mani\u00e8re s\u00fbre pour \u00e9viter tout dommage pendant le transport. Si vous n\u2019\u00eates pas familier avec les diff\u00e9rents types d\u2019emballages Albyco se tient \u00e0 votre enti\u00e8re disposition de vous aider avec des conseils personnalis\u00e9s.[\/vc_column_text][\/vc_column_inner][vc_column_inner width=&#8221;1\/3&#8243;][\/vc_column_inner][\/vc_row_inner][\/vc_column][\/vc_row][vc_row][vc_column]<div class=\"woocommerce columns-5\"><ul class=\"products columns-5\">\n<li class=\"product-category product first\">\n\t\n<div class=\"lom-title align-left \">\n\t<h2>\n\t\tMat\u00e9riaux d'emballage\t<\/h2>\n\t<\/div><div class=\"product-cat-image-wrapper\">\n<a class=\"lom-button align-center\" href=\"https:\/\/albycosale.com\/fr\/product-categorie\/consommables\/materiaux-d-emballage\/\" target=\"_self\">\n\tVoir tout<\/a><\/div><\/li>\n<\/ul>\n<\/div>[\/vc_column][\/vc_row][vc_row][vc_column width=&#8221;1\/2&#8243;][vc_column_text]<strong>Diff\u00e9rents types de machines d\u2019emballage<\/strong>\r\nAlbyco fournit deux types de machines d\u2019emballage. Chaque machine a ses propres sp\u00e9cifications et caract\u00e9ristiques. Il est important de savoir dans quel but vous souhaitez utiliser la machine et pour\u00a0 quels mat\u00e9riaux . Nous distinguons les machines d\u2019emballage suivantes:\r\n<strong>Banderoleuses<\/strong>\r\nLes machines \u00e0 ruban utilisent du papier ou du film pour emballer les produits. Le Bundle-It d\u2019Albyco! est une machine d\u2019emballage efficace pour un emballage rapide et \u00e9conomique de, par exemple, du papier d\u2019impression, des enveloppes et des cartes de visite. La machine fonctionne avec une largeur de rouleau de 30 mm \u00e0 des longueurs de 200 et 3000 m\u00e8tres. La temp\u00e9rature de fusion, le temps de fusion et la tension de la bande sont tous r\u00e9glables. Le Albyco Bundle-Il peut \u00eatre utilis\u00e9 \u00e0 partir d\u2019une taille de paquet de 35 x 15 mm jusqu\u2019\u00e0 400 x 200 mm.\r\n<strong>Scelleuse et syst\u00e8me de r\u00e9tr\u00e9cissement<\/strong>\r\nLe scellage et le r\u00e9tr\u00e9cissement est moins cher que l\u2019emballage par bo\u00eete. L\u2019emballage est enti\u00e8remnet \u00e9tanche \u00e0 la poussi\u00e8re \u00a0 et imperm\u00e9able et \u00e9conomise de l\u2019espace pendant le transport. De plus, la feuille d\u2019\u00e9tanch\u00e9it\u00e9 est moins ch\u00e8re que les bo\u00eetes en carton et elle permet \u00e9galement d\u2019\u00e9conomiser les d\u00e9chets. Votre produit est transparent de sorte qu\u2019il est imm\u00e9diatement visible quel produit est exp\u00e9di\u00e9. Albyco a une scelleuse avec un syst\u00e8me\u00a0 de r\u00e9tr\u00e9cissement . D\u2019abord, votre produit est scell\u00e9 avant qu\u2019il ne traverse le tunnel de r\u00e9tr\u00e9cissement.\u00a0 Avec l`EasyShrinkPacker,\u00a0 le scellage et le r\u00e9tr\u00e9cissement se r\u00e9alisent \u00e0 la m\u00eame position.[\/vc_column_text][\/vc_column][vc_column width=&#8221;1\/2&#8243;][vc_column_text][\/vc_column_text][\/vc_column][\/vc_row]","protected":false},"excerpt":{"rendered":"<p>[vc_row][vc_column][vc_row_inner][vc_column_inner width=&#8221;2\/3&#8243;][vc_column_text]L`achat d`une machine d`emballage est un choix difficile. Vous devez tenir compte de divers facteurs et diff\u00e9rents types d\u2019emballages. Albyco fournit des machines d`emballages, comme la scelleuse, enti\u00e8rement \u00e9tanche avec un syst\u00e8me de r\u00e9tr\u00e9cissement, marque Albyco. Ces machines sont id\u00e9ales pour l\u2019interface graphique pour optimiser l\u2019impression d\u2019emballage. Vos produits sont emball\u00e9s de mani\u00e8re s\u00fbre [&hellip;]<\/p>\n","protected":false},"author":1,"featured_media":11070,"parent":7140,"menu_order":39,"comment_status":"closed","ping_status":"closed","template":"","meta":[],"yoast_head":"<!-- This site is optimized with the Yoast SEO plugin v18.6 - https:\/\/yoast.com\/wordpress\/plugins\/seo\/ -->\n<title>Syst\u00e8mes d`emballage<\/title>\n<meta name=\"description\" content=\"Albyco fournit des machines d`emballages, comme la scelleuse , enti\u00e8rement \u00e9tanche avec un syst\u00e8me de r\u00e9tr\u00e9cissement, marque Albyco.Ces machines sont id\u00e9ales pour l\u2019interface graphique pour optimiser l\u2019impression d\u2019emballage.\" \/>\n<meta name=\"robots\" content=\"index, follow, max-snippet:-1, max-image-preview:large, max-video-preview:-1\" \/>\n<link rel=\"canonical\" href=\"https:\/\/albycosale.com\/fr\/producten\/verpakken\/\" \/>\n<meta property=\"og:locale\" content=\"fr_FR\" \/>\n<meta property=\"og:type\" content=\"article\" \/>\n<meta property=\"og:title\" content=\"Syst\u00e8mes d`emballage\" \/>\n<meta property=\"og:description\" content=\"Albyco fournit des machines d`emballages, comme la scelleuse , enti\u00e8rement \u00e9tanche avec un syst\u00e8me de r\u00e9tr\u00e9cissement, marque Albyco.Ces machines sont id\u00e9ales pour l\u2019interface graphique pour optimiser l\u2019impression d\u2019emballage.\" \/>\n<meta property=\"og:url\" content=\"https:\/\/albycosale.com\/fr\/producten\/verpakken\/\" \/>\n<meta property=\"og:site_name\" content=\"Albyco\" \/>\n<meta property=\"article:modified_time\" content=\"2018-07-31T14:13:21+00:00\" \/>\n<meta name=\"twitter:card\" content=\"summary\" \/>\n<meta name=\"twitter:image\" content=\"https:\/\/albycosale.com\/wp-content\/uploads\/2018\/02\/Packaging-1.svg\" \/>\n<meta name=\"twitter:site\" content=\"@AlbycoNederland\" \/>\n<meta name=\"twitter:label1\" content=\"Dur\u00e9e de lecture estim\u00e9e\" \/>\n\t<meta name=\"twitter:data1\" content=\"2 minutes\" \/>\n<script type=\"application\/ld+json\" class=\"yoast-schema-graph\">{\"@context\":\"https:\/\/schema.org\",\"@graph\":[{\"@type\":\"Organization\",\"@id\":\"https:\/\/albycosale.com\/#organization\",\"name\":\"Albyco Nederland B.V.\",\"url\":\"https:\/\/albycosale.com\/\",\"sameAs\":[\"https:\/\/www.linkedin.com\/company\/18015670\/\",\"https:\/\/www.youtube.com\/user\/AlbycoNederland\",\"https:\/\/nl.pinterest.com\/albyco\",\"https:\/\/twitter.com\/AlbycoNederland\"],\"logo\":{\"@type\":\"ImageObject\",\"@id\":\"https:\/\/albycosale.com\/#logo\",\"inLanguage\":\"fr-FR\",\"url\":\"https:\/\/albycosale.com\/wp-content\/uploads\/2017\/07\/albyco_logo_hd.png\",\"contentUrl\":\"https:\/\/albycosale.com\/wp-content\/uploads\/2017\/07\/albyco_logo_hd.png\",\"width\":300,\"height\":300,\"caption\":\"Albyco Nederland B.V.\"},\"image\":{\"@id\":\"https:\/\/albycosale.com\/#logo\"}},{\"@type\":\"WebSite\",\"@id\":\"https:\/\/albycosale.com\/#website\",\"url\":\"https:\/\/albycosale.com\/\",\"name\":\"Albyco\",\"description\":\"Leverancier voor nabewerking van geprinte media\",\"publisher\":{\"@id\":\"https:\/\/albycosale.com\/#organization\"},\"potentialAction\":[{\"@type\":\"SearchAction\",\"target\":{\"@type\":\"EntryPoint\",\"urlTemplate\":\"https:\/\/albycosale.com\/?s={search_term_string}\"},\"query-input\":\"required name=search_term_string\"}],\"inLanguage\":\"fr-FR\"},{\"@type\":\"ImageObject\",\"@id\":\"https:\/\/albycosale.com\/fr\/producten\/verpakken\/#primaryimage\",\"inLanguage\":\"fr-FR\",\"url\":\"https:\/\/albycosale.com\/wp-content\/uploads\/2018\/02\/Packaging-1.svg\",\"contentUrl\":\"https:\/\/albycosale.com\/wp-content\/uploads\/2018\/02\/Packaging-1.svg\",\"caption\":\"Packaging\"},{\"@type\":\"WebPage\",\"@id\":\"https:\/\/albycosale.com\/fr\/producten\/verpakken\/#webpage\",\"url\":\"https:\/\/albycosale.com\/fr\/producten\/verpakken\/\",\"name\":\"Syst\u00e8mes d`emballage\",\"isPartOf\":{\"@id\":\"https:\/\/albycosale.com\/#website\"},\"primaryImageOfPage\":{\"@id\":\"https:\/\/albycosale.com\/fr\/producten\/verpakken\/#primaryimage\"},\"datePublished\":\"2017-07-24T13:50:08+00:00\",\"dateModified\":\"2018-07-31T14:13:21+00:00\",\"description\":\"Albyco fournit des machines d`emballages, comme la scelleuse , enti\u00e8rement \u00e9tanche avec un syst\u00e8me de r\u00e9tr\u00e9cissement, marque Albyco.Ces machines sont id\u00e9ales pour l\u2019interface graphique pour optimiser l\u2019impression d\u2019emballage.\",\"breadcrumb\":{\"@id\":\"https:\/\/albycosale.com\/fr\/producten\/verpakken\/#breadcrumb\"},\"inLanguage\":\"fr-FR\",\"potentialAction\":[{\"@type\":\"ReadAction\",\"target\":[\"https:\/\/albycosale.com\/fr\/producten\/verpakken\/\"]}]},{\"@type\":\"BreadcrumbList\",\"@id\":\"https:\/\/albycosale.com\/fr\/producten\/verpakken\/#breadcrumb\",\"itemListElement\":[{\"@type\":\"ListItem\",\"position\":1,\"name\":\"Home\",\"item\":\"https:\/\/albycosale.com\/fr\/\"},{\"@type\":\"ListItem\",\"position\":2,\"name\":\"Les produits\",\"item\":\"https:\/\/albycosale.com\/fr\/producten\/\"},{\"@type\":\"ListItem\",\"position\":3,\"name\":\"Syst\u00e8mes d`emballage\"}]}]}<\/script>\n<!-- \/ Yoast SEO plugin. -->","yoast_head_json":{"title":"Syst\u00e8mes d`emballage","description":"Albyco fournit des machines d`emballages, comme la scelleuse , enti\u00e8rement \u00e9tanche avec un syst\u00e8me de r\u00e9tr\u00e9cissement, marque Albyco.Ces machines sont id\u00e9ales pour l\u2019interface graphique pour optimiser l\u2019impression d\u2019emballage.","robots":{"index":"index","follow":"follow","max-snippet":"max-snippet:-1","max-image-preview":"max-image-preview:large","max-video-preview":"max-video-preview:-1"},"canonical":"https:\/\/albycosale.com\/fr\/producten\/verpakken\/","og_locale":"fr_FR","og_type":"article","og_title":"Syst\u00e8mes d`emballage","og_description":"Albyco fournit des machines d`emballages, comme la scelleuse , enti\u00e8rement \u00e9tanche avec un syst\u00e8me de r\u00e9tr\u00e9cissement, marque Albyco.Ces machines sont id\u00e9ales pour l\u2019interface graphique pour optimiser l\u2019impression d\u2019emballage.","og_url":"https:\/\/albycosale.com\/fr\/producten\/verpakken\/","og_site_name":"Albyco","article_modified_time":"2018-07-31T14:13:21+00:00","twitter_card":"summary","twitter_image":"https:\/\/albycosale.com\/wp-content\/uploads\/2018\/02\/Packaging-1.svg","twitter_site":"@AlbycoNederland","twitter_misc":{"Dur\u00e9e de lecture estim\u00e9e":"2 minutes"},"schema":{"@context":"https:\/\/schema.org","@graph":[{"@type":"Organization","@id":"https:\/\/albycosale.com\/#organization","name":"Albyco Nederland B.V.","url":"https:\/\/albycosale.com\/","sameAs":["https:\/\/www.linkedin.com\/company\/18015670\/","https:\/\/www.youtube.com\/user\/AlbycoNederland","https:\/\/nl.pinterest.com\/albyco","https:\/\/twitter.com\/AlbycoNederland"],"logo":{"@type":"ImageObject","@id":"https:\/\/albycosale.com\/#logo","inLanguage":"fr-FR","url":"https:\/\/albycosale.com\/wp-content\/uploads\/2017\/07\/albyco_logo_hd.png","contentUrl":"https:\/\/albycosale.com\/wp-content\/uploads\/2017\/07\/albyco_logo_hd.png","width":300,"height":300,"caption":"Albyco Nederland B.V."},"image":{"@id":"https:\/\/albycosale.com\/#logo"}},{"@type":"WebSite","@id":"https:\/\/albycosale.com\/#website","url":"https:\/\/albycosale.com\/","name":"Albyco","description":"Leverancier voor nabewerking van geprinte media","publisher":{"@id":"https:\/\/albycosale.com\/#organization"},"potentialAction":[{"@type":"SearchAction","target":{"@type":"EntryPoint","urlTemplate":"https:\/\/albycosale.com\/?s={search_term_string}"},"query-input":"required name=search_term_string"}],"inLanguage":"fr-FR"},{"@type":"ImageObject","@id":"https:\/\/albycosale.com\/fr\/producten\/verpakken\/#primaryimage","inLanguage":"fr-FR","url":"https:\/\/albycosale.com\/wp-content\/uploads\/2018\/02\/Packaging-1.svg","contentUrl":"https:\/\/albycosale.com\/wp-content\/uploads\/2018\/02\/Packaging-1.svg","caption":"Packaging"},{"@type":"WebPage","@id":"https:\/\/albycosale.com\/fr\/producten\/verpakken\/#webpage","url":"https:\/\/albycosale.com\/fr\/producten\/verpakken\/","name":"Syst\u00e8mes d`emballage","isPartOf":{"@id":"https:\/\/albycosale.com\/#website"},"primaryImageOfPage":{"@id":"https:\/\/albycosale.com\/fr\/producten\/verpakken\/#primaryimage"},"datePublished":"2017-07-24T13:50:08+00:00","dateModified":"2018-07-31T14:13:21+00:00","description":"Albyco fournit des machines d`emballages, comme la scelleuse , enti\u00e8rement \u00e9tanche avec un syst\u00e8me de r\u00e9tr\u00e9cissement, marque Albyco.Ces machines sont id\u00e9ales pour l\u2019interface graphique pour optimiser l\u2019impression d\u2019emballage.","breadcrumb":{"@id":"https:\/\/albycosale.com\/fr\/producten\/verpakken\/#breadcrumb"},"inLanguage":"fr-FR","potentialAction":[{"@type":"ReadAction","target":["https:\/\/albycosale.com\/fr\/producten\/verpakken\/"]}]},{"@type":"BreadcrumbList","@id":"https:\/\/albycosale.com\/fr\/producten\/verpakken\/#breadcrumb","itemListElement":[{"@type":"ListItem","position":1,"name":"Home","item":"https:\/\/albycosale.com\/fr\/"},{"@type":"ListItem","position":2,"name":"Les produits","item":"https:\/\/albycosale.com\/fr\/producten\/"},{"@type":"ListItem","position":3,"name":"Syst\u00e8mes d`emballage"}]}]}},"_links":{"self":[{"href":"https:\/\/albycosale.com\/fr\/wp-json\/wp\/v2\/pages\/9370"}],"collection":[{"href":"https:\/\/albycosale.com\/fr\/wp-json\/wp\/v2\/pages"}],"about":[{"href":"https:\/\/albycosale.com\/fr\/wp-json\/wp\/v2\/types\/page"}],"author":[{"embeddable":true,"href":"https:\/\/albycosale.com\/fr\/wp-json\/wp\/v2\/users\/1"}],"replies":[{"embeddable":true,"href":"https:\/\/albycosale.com\/fr\/wp-json\/wp\/v2\/comments?post=9370"}],"version-history":[{"count":8,"href":"https:\/\/albycosale.com\/fr\/wp-json\/wp\/v2\/pages\/9370\/revisions"}],"predecessor-version":[{"id":18627,"href":"https:\/\/albycosale.com\/fr\/wp-json\/wp\/v2\/pages\/9370\/revisions\/18627"}],"up":[{"embeddable":true,"href":"https:\/\/albycosale.com\/fr\/wp-json\/wp\/v2\/pages\/7140"}],"wp:featuredmedia":[{"embeddable":true,"href":"https:\/\/albycosale.com\/fr\/wp-json\/wp\/v2\/media\/11070"}],"wp:attachment":[{"href":"https:\/\/albycosale.com\/fr\/wp-json\/wp\/v2\/media?parent=9370"}],"curies":[{"name":"wp","href":"https:\/\/api.w.org\/{rel}","templated":true}]}}