{"id":9374,"date":"2017-07-24T15:50:32","date_gmt":"2017-07-24T13:50:32","guid":{"rendered":"https:\/\/albycosale.com\/producten\/sign\/"},"modified":"2018-07-31T16:10:45","modified_gmt":"2018-07-31T14:10:45","slug":"sign","status":"publish","type":"page","link":"https:\/\/albycosale.com\/fr\/producten\/sign\/","title":{"rendered":"Sign"},"content":{"rendered":"[vc_row][vc_column]\n<div class=\"lom-title align-left \">\n\t<h1>\n\t\tSign\t<\/h1>\n\t<\/div>[vc_row_inner][vc_column_inner width=&#8221;2\/3&#8243;][vc_column_text]<strong>Signer\r\n<\/strong>\r\nAlbyco propose un ensemble int\u00e9ressant de machines et de mat\u00e9riaux pour l\u2019environnement des enseignes, avec une large gamme de syst\u00e8mes de d\u00e9coupe au rouleau pour le papier et la mousse. Ces machines sont une extension logique de l\u2019ensemble complet de syst\u00e8mes de laminage \u00e0 rouleaux.\r\n\r\nBien s\u00fbr, il existe un large assortiment de plaques photo, comme Kapaline, Kapamount, Kapafix, Kapacolor, Kapaplast, Forex Classic, Forex Smart X, impression Forex, DiBond blanc et DiBond de couleur.\r\n\r\nEn outre, l\u2019ensemble de produits de signalisation se compose d\u2019une s\u00e9lection de cadres de clic, de films de stratification et de films de montage.[\/vc_column_text][\/vc_column_inner][vc_column_inner width=&#8221;1\/3&#8243;][\/vc_column_inner][\/vc_row_inner][\/vc_column][\/vc_row][vc_row][vc_column]<div class=\"woocommerce columns-6\"><ul class=\"products columns-6\">\n<li class=\"product-category product first\">\n\t\n<div class=\"lom-title align-left \">\n\t<h2>\n\t\tCadres ClicClac\t<\/h2>\n\t<\/div><div class=\"product-cat-image-wrapper\">\n<a class=\"lom-button align-center\" href=\"https:\/\/albycosale.com\/fr\/product-categorie\/consommables\/enseigne\/cadres-clicclac\/\" target=\"_self\">\n\tVoir tout<\/a><\/div><\/li>\n<li class=\"product-category product\">\n\t\n<div class=\"lom-title align-left \">\n\t<h2>\n\t\tMat\u00e9riaux de plaque\t<\/h2>\n\t<\/div><div class=\"product-cat-image-wrapper\">\n<a class=\"lom-button align-center\" href=\"https:\/\/albycosale.com\/fr\/product-categorie\/consommables\/enseigne\/materiaux-de-plaque\/\" target=\"_self\">\n\tVoir tout<\/a><\/div><\/li>\n<\/ul>\n<\/div>[\/vc_column][\/vc_row]","protected":false},"excerpt":{"rendered":"<p>[vc_row][vc_column][vc_row_inner][vc_column_inner width=&#8221;2\/3&#8243;][vc_column_text]Signer Albyco propose un ensemble int\u00e9ressant de machines et de mat\u00e9riaux pour l\u2019environnement des enseignes, avec une large gamme de syst\u00e8mes de d\u00e9coupe au rouleau pour le papier et la mousse. Ces machines sont une extension logique de l\u2019ensemble complet de syst\u00e8mes de laminage \u00e0 rouleaux. Bien s\u00fbr, il existe un large assortiment de [&hellip;]<\/p>\n","protected":false},"author":1,"featured_media":11346,"parent":7140,"menu_order":42,"comment_status":"closed","ping_status":"closed","template":"","meta":[],"yoast_head":"<!-- This site is optimized with the Yoast SEO plugin v18.6 - https:\/\/yoast.com\/wordpress\/plugins\/seo\/ -->\n<title>signer<\/title>\n<meta name=\"description\" content=\"Albyco propose un ensemble int\u00e9ressant de machines et de mat\u00e9riaux pour l\u2019environnement des enseignes, avec une large gamme de syst\u00e8mes de d\u00e9coupe au rouleau pour le papier et la mousse. Ces machines sont une extension logique de l\u2019ensemble complet de syst\u00e8mes de laminage \u00e0 rouleaux.\" \/>\n<meta name=\"robots\" content=\"index, follow, max-snippet:-1, max-image-preview:large, max-video-preview:-1\" \/>\n<link rel=\"canonical\" href=\"https:\/\/albycosale.com\/fr\/producten\/sign\/\" \/>\n<meta property=\"og:locale\" content=\"fr_FR\" \/>\n<meta property=\"og:type\" content=\"article\" \/>\n<meta property=\"og:title\" content=\"signer\" \/>\n<meta property=\"og:description\" content=\"Albyco propose un ensemble int\u00e9ressant de machines et de mat\u00e9riaux pour l\u2019environnement des enseignes, avec une large gamme de syst\u00e8mes de d\u00e9coupe au rouleau pour le papier et la mousse. Ces machines sont une extension logique de l\u2019ensemble complet de syst\u00e8mes de laminage \u00e0 rouleaux.\" \/>\n<meta property=\"og:url\" content=\"https:\/\/albycosale.com\/fr\/producten\/sign\/\" \/>\n<meta property=\"og:site_name\" content=\"Albyco\" \/>\n<meta property=\"article:modified_time\" content=\"2018-07-31T14:10:45+00:00\" \/>\n<meta name=\"twitter:card\" content=\"summary\" \/>\n<meta name=\"twitter:image\" content=\"https:\/\/albycosale.com\/wp-content\/uploads\/2018\/02\/sign-6.svg\" \/>\n<meta name=\"twitter:site\" content=\"@AlbycoNederland\" \/>\n<meta name=\"twitter:label1\" content=\"Dur\u00e9e de lecture estim\u00e9e\" \/>\n\t<meta name=\"twitter:data1\" content=\"1 minute\" \/>\n<script type=\"application\/ld+json\" class=\"yoast-schema-graph\">{\"@context\":\"https:\/\/schema.org\",\"@graph\":[{\"@type\":\"Organization\",\"@id\":\"https:\/\/albycosale.com\/#organization\",\"name\":\"Albyco Nederland B.V.\",\"url\":\"https:\/\/albycosale.com\/\",\"sameAs\":[\"https:\/\/www.linkedin.com\/company\/18015670\/\",\"https:\/\/www.youtube.com\/user\/AlbycoNederland\",\"https:\/\/nl.pinterest.com\/albyco\",\"https:\/\/twitter.com\/AlbycoNederland\"],\"logo\":{\"@type\":\"ImageObject\",\"@id\":\"https:\/\/albycosale.com\/#logo\",\"inLanguage\":\"fr-FR\",\"url\":\"https:\/\/albycosale.com\/wp-content\/uploads\/2017\/07\/albyco_logo_hd.png\",\"contentUrl\":\"https:\/\/albycosale.com\/wp-content\/uploads\/2017\/07\/albyco_logo_hd.png\",\"width\":300,\"height\":300,\"caption\":\"Albyco Nederland B.V.\"},\"image\":{\"@id\":\"https:\/\/albycosale.com\/#logo\"}},{\"@type\":\"WebSite\",\"@id\":\"https:\/\/albycosale.com\/#website\",\"url\":\"https:\/\/albycosale.com\/\",\"name\":\"Albyco\",\"description\":\"Leverancier voor nabewerking van geprinte media\",\"publisher\":{\"@id\":\"https:\/\/albycosale.com\/#organization\"},\"potentialAction\":[{\"@type\":\"SearchAction\",\"target\":{\"@type\":\"EntryPoint\",\"urlTemplate\":\"https:\/\/albycosale.com\/?s={search_term_string}\"},\"query-input\":\"required name=search_term_string\"}],\"inLanguage\":\"fr-FR\"},{\"@type\":\"ImageObject\",\"@id\":\"https:\/\/albycosale.com\/fr\/producten\/sign\/#primaryimage\",\"inLanguage\":\"fr-FR\",\"url\":\"https:\/\/albycosale.com\/wp-content\/uploads\/2018\/02\/sign-6.svg\",\"contentUrl\":\"https:\/\/albycosale.com\/wp-content\/uploads\/2018\/02\/sign-6.svg\",\"caption\":\"sign\"},{\"@type\":\"WebPage\",\"@id\":\"https:\/\/albycosale.com\/fr\/producten\/sign\/#webpage\",\"url\":\"https:\/\/albycosale.com\/fr\/producten\/sign\/\",\"name\":\"signer\",\"isPartOf\":{\"@id\":\"https:\/\/albycosale.com\/#website\"},\"primaryImageOfPage\":{\"@id\":\"https:\/\/albycosale.com\/fr\/producten\/sign\/#primaryimage\"},\"datePublished\":\"2017-07-24T13:50:32+00:00\",\"dateModified\":\"2018-07-31T14:10:45+00:00\",\"description\":\"Albyco propose un ensemble int\u00e9ressant de machines et de mat\u00e9riaux pour l\u2019environnement des enseignes, avec une large gamme de syst\u00e8mes de d\u00e9coupe au rouleau pour le papier et la mousse. Ces machines sont une extension logique de l\u2019ensemble complet de syst\u00e8mes de laminage \u00e0 rouleaux.\",\"breadcrumb\":{\"@id\":\"https:\/\/albycosale.com\/fr\/producten\/sign\/#breadcrumb\"},\"inLanguage\":\"fr-FR\",\"potentialAction\":[{\"@type\":\"ReadAction\",\"target\":[\"https:\/\/albycosale.com\/fr\/producten\/sign\/\"]}]},{\"@type\":\"BreadcrumbList\",\"@id\":\"https:\/\/albycosale.com\/fr\/producten\/sign\/#breadcrumb\",\"itemListElement\":[{\"@type\":\"ListItem\",\"position\":1,\"name\":\"Home\",\"item\":\"https:\/\/albycosale.com\/fr\/\"},{\"@type\":\"ListItem\",\"position\":2,\"name\":\"Les produits\",\"item\":\"https:\/\/albycosale.com\/fr\/producten\/\"},{\"@type\":\"ListItem\",\"position\":3,\"name\":\"Sign\"}]}]}<\/script>\n<!-- \/ Yoast SEO plugin. -->","yoast_head_json":{"title":"signer","description":"Albyco propose un ensemble int\u00e9ressant de machines et de mat\u00e9riaux pour l\u2019environnement des enseignes, avec une large gamme de syst\u00e8mes de d\u00e9coupe au rouleau pour le papier et la mousse. Ces machines sont une extension logique de l\u2019ensemble complet de syst\u00e8mes de laminage \u00e0 rouleaux.","robots":{"index":"index","follow":"follow","max-snippet":"max-snippet:-1","max-image-preview":"max-image-preview:large","max-video-preview":"max-video-preview:-1"},"canonical":"https:\/\/albycosale.com\/fr\/producten\/sign\/","og_locale":"fr_FR","og_type":"article","og_title":"signer","og_description":"Albyco propose un ensemble int\u00e9ressant de machines et de mat\u00e9riaux pour l\u2019environnement des enseignes, avec une large gamme de syst\u00e8mes de d\u00e9coupe au rouleau pour le papier et la mousse. Ces machines sont une extension logique de l\u2019ensemble complet de syst\u00e8mes de laminage \u00e0 rouleaux.","og_url":"https:\/\/albycosale.com\/fr\/producten\/sign\/","og_site_name":"Albyco","article_modified_time":"2018-07-31T14:10:45+00:00","twitter_card":"summary","twitter_image":"https:\/\/albycosale.com\/wp-content\/uploads\/2018\/02\/sign-6.svg","twitter_site":"@AlbycoNederland","twitter_misc":{"Dur\u00e9e de lecture estim\u00e9e":"1 minute"},"schema":{"@context":"https:\/\/schema.org","@graph":[{"@type":"Organization","@id":"https:\/\/albycosale.com\/#organization","name":"Albyco Nederland B.V.","url":"https:\/\/albycosale.com\/","sameAs":["https:\/\/www.linkedin.com\/company\/18015670\/","https:\/\/www.youtube.com\/user\/AlbycoNederland","https:\/\/nl.pinterest.com\/albyco","https:\/\/twitter.com\/AlbycoNederland"],"logo":{"@type":"ImageObject","@id":"https:\/\/albycosale.com\/#logo","inLanguage":"fr-FR","url":"https:\/\/albycosale.com\/wp-content\/uploads\/2017\/07\/albyco_logo_hd.png","contentUrl":"https:\/\/albycosale.com\/wp-content\/uploads\/2017\/07\/albyco_logo_hd.png","width":300,"height":300,"caption":"Albyco Nederland B.V."},"image":{"@id":"https:\/\/albycosale.com\/#logo"}},{"@type":"WebSite","@id":"https:\/\/albycosale.com\/#website","url":"https:\/\/albycosale.com\/","name":"Albyco","description":"Leverancier voor nabewerking van geprinte media","publisher":{"@id":"https:\/\/albycosale.com\/#organization"},"potentialAction":[{"@type":"SearchAction","target":{"@type":"EntryPoint","urlTemplate":"https:\/\/albycosale.com\/?s={search_term_string}"},"query-input":"required name=search_term_string"}],"inLanguage":"fr-FR"},{"@type":"ImageObject","@id":"https:\/\/albycosale.com\/fr\/producten\/sign\/#primaryimage","inLanguage":"fr-FR","url":"https:\/\/albycosale.com\/wp-content\/uploads\/2018\/02\/sign-6.svg","contentUrl":"https:\/\/albycosale.com\/wp-content\/uploads\/2018\/02\/sign-6.svg","caption":"sign"},{"@type":"WebPage","@id":"https:\/\/albycosale.com\/fr\/producten\/sign\/#webpage","url":"https:\/\/albycosale.com\/fr\/producten\/sign\/","name":"signer","isPartOf":{"@id":"https:\/\/albycosale.com\/#website"},"primaryImageOfPage":{"@id":"https:\/\/albycosale.com\/fr\/producten\/sign\/#primaryimage"},"datePublished":"2017-07-24T13:50:32+00:00","dateModified":"2018-07-31T14:10:45+00:00","description":"Albyco propose un ensemble int\u00e9ressant de machines et de mat\u00e9riaux pour l\u2019environnement des enseignes, avec une large gamme de syst\u00e8mes de d\u00e9coupe au rouleau pour le papier et la mousse. Ces machines sont une extension logique de l\u2019ensemble complet de syst\u00e8mes de laminage \u00e0 rouleaux.","breadcrumb":{"@id":"https:\/\/albycosale.com\/fr\/producten\/sign\/#breadcrumb"},"inLanguage":"fr-FR","potentialAction":[{"@type":"ReadAction","target":["https:\/\/albycosale.com\/fr\/producten\/sign\/"]}]},{"@type":"BreadcrumbList","@id":"https:\/\/albycosale.com\/fr\/producten\/sign\/#breadcrumb","itemListElement":[{"@type":"ListItem","position":1,"name":"Home","item":"https:\/\/albycosale.com\/fr\/"},{"@type":"ListItem","position":2,"name":"Les produits","item":"https:\/\/albycosale.com\/fr\/producten\/"},{"@type":"ListItem","position":3,"name":"Sign"}]}]}},"_links":{"self":[{"href":"https:\/\/albycosale.com\/fr\/wp-json\/wp\/v2\/pages\/9374"}],"collection":[{"href":"https:\/\/albycosale.com\/fr\/wp-json\/wp\/v2\/pages"}],"about":[{"href":"https:\/\/albycosale.com\/fr\/wp-json\/wp\/v2\/types\/page"}],"author":[{"embeddable":true,"href":"https:\/\/albycosale.com\/fr\/wp-json\/wp\/v2\/users\/1"}],"replies":[{"embeddable":true,"href":"https:\/\/albycosale.com\/fr\/wp-json\/wp\/v2\/comments?post=9374"}],"version-history":[{"count":1,"href":"https:\/\/albycosale.com\/fr\/wp-json\/wp\/v2\/pages\/9374\/revisions"}],"predecessor-version":[{"id":11247,"href":"https:\/\/albycosale.com\/fr\/wp-json\/wp\/v2\/pages\/9374\/revisions\/11247"}],"up":[{"embeddable":true,"href":"https:\/\/albycosale.com\/fr\/wp-json\/wp\/v2\/pages\/7140"}],"wp:featuredmedia":[{"embeddable":true,"href":"https:\/\/albycosale.com\/fr\/wp-json\/wp\/v2\/media\/11346"}],"wp:attachment":[{"href":"https:\/\/albycosale.com\/fr\/wp-json\/wp\/v2\/media?parent=9374"}],"curies":[{"name":"wp","href":"https:\/\/api.w.org\/{rel}","templated":true}]}}