{"id":9378,"date":"2017-11-14T12:38:13","date_gmt":"2017-11-14T11:38:13","guid":{"rendered":"https:\/\/albycosale.com\/producten\/dealerproducten\/"},"modified":"2018-07-31T16:02:52","modified_gmt":"2018-07-31T14:02:52","slug":"dealerproducten","status":"publish","type":"page","link":"https:\/\/albycosale.com\/fr\/producten\/dealerproducten\/","title":{"rendered":"Produits Revendeurs"},"content":{"rendered":"[vc_row][vc_column]\n<div class=\"lom-title align-left \">\n\t<h1>\n\t\tProduits Revendeurs\t<\/h1>\n\t<\/div>[vc_row_inner][vc_column_inner width=&#8221;2\/3&#8243;][vc_column_text]Albyco, en tant qu&#8217;importateur et fabricant de solutions de finition de documents, offre des avantages sp\u00e9ciaux aux revendeurs et aux revendeurs. Albyco fournit un package de livraison innovant, sp\u00e9cialement adapt\u00e9 \u00e0 la lumi\u00e8re pour un utilisateur professionnel.[\/vc_column_text][\/vc_column_inner][vc_column_inner width=&#8221;1\/3&#8243;][\/vc_column_inner][\/vc_row_inner][\/vc_column][\/vc_row][vc_row][vc_column]<div class=\"woocommerce columns-5\"><\/div>[\/vc_column][\/vc_row]","protected":false},"excerpt":{"rendered":"<p>[vc_row][vc_column][vc_row_inner][vc_column_inner width=&#8221;2\/3&#8243;][vc_column_text]Albyco, en tant qu&#8217;importateur et fabricant de solutions de finition de documents, offre des avantages sp\u00e9ciaux aux revendeurs et aux revendeurs. Albyco fournit un package de livraison innovant, sp\u00e9cialement adapt\u00e9 \u00e0 la lumi\u00e8re pour un utilisateur professionnel.[\/vc_column_text][\/vc_column_inner][vc_column_inner width=&#8221;1\/3&#8243;][\/vc_column_inner][\/vc_row_inner][\/vc_column][\/vc_row][vc_row][vc_column][\/vc_column][\/vc_row]<\/p>\n","protected":false},"author":1,"featured_media":8340,"parent":7140,"menu_order":45,"comment_status":"closed","ping_status":"closed","template":"","meta":[],"yoast_head":"<!-- This site is optimized with the Yoast SEO plugin v18.6 - https:\/\/yoast.com\/wordpress\/plugins\/seo\/ -->\n<title>Produits Revendeurs | Albyco<\/title>\n<meta name=\"description\" content=\"Albyco, en tant qu&#039;importateur et fabricant de solutions de finition de documents, offre des avantages sp\u00e9ciaux aux revendeurs et aux revendeurs. Albyco fournit un package de livraison innovant, sp\u00e9cialement adapt\u00e9 \u00e0 la lumi\u00e8re pour un utilisateur professionnel.\" \/>\n<meta name=\"robots\" content=\"index, follow, max-snippet:-1, max-image-preview:large, max-video-preview:-1\" \/>\n<link rel=\"canonical\" href=\"https:\/\/albycosale.com\/fr\/producten\/dealerproducten\/\" \/>\n<meta property=\"og:locale\" content=\"fr_FR\" \/>\n<meta property=\"og:type\" content=\"article\" \/>\n<meta property=\"og:title\" content=\"Produits Revendeurs | Albyco\" \/>\n<meta property=\"og:description\" content=\"Albyco, en tant qu&#039;importateur et fabricant de solutions de finition de documents, offre des avantages sp\u00e9ciaux aux revendeurs et aux revendeurs. Albyco fournit un package de livraison innovant, sp\u00e9cialement adapt\u00e9 \u00e0 la lumi\u00e8re pour un utilisateur professionnel.\" \/>\n<meta property=\"og:url\" content=\"https:\/\/albycosale.com\/fr\/producten\/dealerproducten\/\" \/>\n<meta property=\"og:site_name\" content=\"Albyco\" \/>\n<meta property=\"article:modified_time\" content=\"2018-07-31T14:02:52+00:00\" \/>\n<meta name=\"twitter:card\" content=\"summary\" \/>\n<meta name=\"twitter:image\" content=\"https:\/\/albycosale.com\/wp-content\/uploads\/2017\/07\/lamineren-2.svg\" \/>\n<meta name=\"twitter:site\" content=\"@AlbycoNederland\" \/>\n<script type=\"application\/ld+json\" class=\"yoast-schema-graph\">{\"@context\":\"https:\/\/schema.org\",\"@graph\":[{\"@type\":\"Organization\",\"@id\":\"https:\/\/albycosale.com\/#organization\",\"name\":\"Albyco Nederland B.V.\",\"url\":\"https:\/\/albycosale.com\/\",\"sameAs\":[\"https:\/\/www.linkedin.com\/company\/18015670\/\",\"https:\/\/www.youtube.com\/user\/AlbycoNederland\",\"https:\/\/nl.pinterest.com\/albyco\",\"https:\/\/twitter.com\/AlbycoNederland\"],\"logo\":{\"@type\":\"ImageObject\",\"@id\":\"https:\/\/albycosale.com\/#logo\",\"inLanguage\":\"fr-FR\",\"url\":\"https:\/\/albycosale.com\/wp-content\/uploads\/2017\/07\/albyco_logo_hd.png\",\"contentUrl\":\"https:\/\/albycosale.com\/wp-content\/uploads\/2017\/07\/albyco_logo_hd.png\",\"width\":300,\"height\":300,\"caption\":\"Albyco Nederland B.V.\"},\"image\":{\"@id\":\"https:\/\/albycosale.com\/#logo\"}},{\"@type\":\"WebSite\",\"@id\":\"https:\/\/albycosale.com\/#website\",\"url\":\"https:\/\/albycosale.com\/\",\"name\":\"Albyco\",\"description\":\"Leverancier voor nabewerking van geprinte media\",\"publisher\":{\"@id\":\"https:\/\/albycosale.com\/#organization\"},\"potentialAction\":[{\"@type\":\"SearchAction\",\"target\":{\"@type\":\"EntryPoint\",\"urlTemplate\":\"https:\/\/albycosale.com\/?s={search_term_string}\"},\"query-input\":\"required name=search_term_string\"}],\"inLanguage\":\"fr-FR\"},{\"@type\":\"ImageObject\",\"@id\":\"https:\/\/albycosale.com\/fr\/producten\/dealerproducten\/#primaryimage\",\"inLanguage\":\"fr-FR\",\"url\":\"https:\/\/albycosale.com\/wp-content\/uploads\/2017\/07\/lamineren-2.svg\",\"contentUrl\":\"https:\/\/albycosale.com\/wp-content\/uploads\/2017\/07\/lamineren-2.svg\",\"caption\":\"lamineren 3\"},{\"@type\":\"WebPage\",\"@id\":\"https:\/\/albycosale.com\/fr\/producten\/dealerproducten\/#webpage\",\"url\":\"https:\/\/albycosale.com\/fr\/producten\/dealerproducten\/\",\"name\":\"Produits Revendeurs | Albyco\",\"isPartOf\":{\"@id\":\"https:\/\/albycosale.com\/#website\"},\"primaryImageOfPage\":{\"@id\":\"https:\/\/albycosale.com\/fr\/producten\/dealerproducten\/#primaryimage\"},\"datePublished\":\"2017-11-14T11:38:13+00:00\",\"dateModified\":\"2018-07-31T14:02:52+00:00\",\"description\":\"Albyco, en tant qu'importateur et fabricant de solutions de finition de documents, offre des avantages sp\u00e9ciaux aux revendeurs et aux revendeurs. Albyco fournit un package de livraison innovant, sp\u00e9cialement adapt\u00e9 \u00e0 la lumi\u00e8re pour un utilisateur professionnel.\",\"breadcrumb\":{\"@id\":\"https:\/\/albycosale.com\/fr\/producten\/dealerproducten\/#breadcrumb\"},\"inLanguage\":\"fr-FR\",\"potentialAction\":[{\"@type\":\"ReadAction\",\"target\":[\"https:\/\/albycosale.com\/fr\/producten\/dealerproducten\/\"]}]},{\"@type\":\"BreadcrumbList\",\"@id\":\"https:\/\/albycosale.com\/fr\/producten\/dealerproducten\/#breadcrumb\",\"itemListElement\":[{\"@type\":\"ListItem\",\"position\":1,\"name\":\"Home\",\"item\":\"https:\/\/albycosale.com\/fr\/\"},{\"@type\":\"ListItem\",\"position\":2,\"name\":\"Les produits\",\"item\":\"https:\/\/albycosale.com\/fr\/producten\/\"},{\"@type\":\"ListItem\",\"position\":3,\"name\":\"Produits Revendeurs\"}]}]}<\/script>\n<!-- \/ Yoast SEO plugin. -->","yoast_head_json":{"title":"Produits Revendeurs | Albyco","description":"Albyco, en tant qu'importateur et fabricant de solutions de finition de documents, offre des avantages sp\u00e9ciaux aux revendeurs et aux revendeurs. Albyco fournit un package de livraison innovant, sp\u00e9cialement adapt\u00e9 \u00e0 la lumi\u00e8re pour un utilisateur professionnel.","robots":{"index":"index","follow":"follow","max-snippet":"max-snippet:-1","max-image-preview":"max-image-preview:large","max-video-preview":"max-video-preview:-1"},"canonical":"https:\/\/albycosale.com\/fr\/producten\/dealerproducten\/","og_locale":"fr_FR","og_type":"article","og_title":"Produits Revendeurs | Albyco","og_description":"Albyco, en tant qu'importateur et fabricant de solutions de finition de documents, offre des avantages sp\u00e9ciaux aux revendeurs et aux revendeurs. Albyco fournit un package de livraison innovant, sp\u00e9cialement adapt\u00e9 \u00e0 la lumi\u00e8re pour un utilisateur professionnel.","og_url":"https:\/\/albycosale.com\/fr\/producten\/dealerproducten\/","og_site_name":"Albyco","article_modified_time":"2018-07-31T14:02:52+00:00","twitter_card":"summary","twitter_image":"https:\/\/albycosale.com\/wp-content\/uploads\/2017\/07\/lamineren-2.svg","twitter_site":"@AlbycoNederland","schema":{"@context":"https:\/\/schema.org","@graph":[{"@type":"Organization","@id":"https:\/\/albycosale.com\/#organization","name":"Albyco Nederland B.V.","url":"https:\/\/albycosale.com\/","sameAs":["https:\/\/www.linkedin.com\/company\/18015670\/","https:\/\/www.youtube.com\/user\/AlbycoNederland","https:\/\/nl.pinterest.com\/albyco","https:\/\/twitter.com\/AlbycoNederland"],"logo":{"@type":"ImageObject","@id":"https:\/\/albycosale.com\/#logo","inLanguage":"fr-FR","url":"https:\/\/albycosale.com\/wp-content\/uploads\/2017\/07\/albyco_logo_hd.png","contentUrl":"https:\/\/albycosale.com\/wp-content\/uploads\/2017\/07\/albyco_logo_hd.png","width":300,"height":300,"caption":"Albyco Nederland B.V."},"image":{"@id":"https:\/\/albycosale.com\/#logo"}},{"@type":"WebSite","@id":"https:\/\/albycosale.com\/#website","url":"https:\/\/albycosale.com\/","name":"Albyco","description":"Leverancier voor nabewerking van geprinte media","publisher":{"@id":"https:\/\/albycosale.com\/#organization"},"potentialAction":[{"@type":"SearchAction","target":{"@type":"EntryPoint","urlTemplate":"https:\/\/albycosale.com\/?s={search_term_string}"},"query-input":"required name=search_term_string"}],"inLanguage":"fr-FR"},{"@type":"ImageObject","@id":"https:\/\/albycosale.com\/fr\/producten\/dealerproducten\/#primaryimage","inLanguage":"fr-FR","url":"https:\/\/albycosale.com\/wp-content\/uploads\/2017\/07\/lamineren-2.svg","contentUrl":"https:\/\/albycosale.com\/wp-content\/uploads\/2017\/07\/lamineren-2.svg","caption":"lamineren 3"},{"@type":"WebPage","@id":"https:\/\/albycosale.com\/fr\/producten\/dealerproducten\/#webpage","url":"https:\/\/albycosale.com\/fr\/producten\/dealerproducten\/","name":"Produits Revendeurs | Albyco","isPartOf":{"@id":"https:\/\/albycosale.com\/#website"},"primaryImageOfPage":{"@id":"https:\/\/albycosale.com\/fr\/producten\/dealerproducten\/#primaryimage"},"datePublished":"2017-11-14T11:38:13+00:00","dateModified":"2018-07-31T14:02:52+00:00","description":"Albyco, en tant qu'importateur et fabricant de solutions de finition de documents, offre des avantages sp\u00e9ciaux aux revendeurs et aux revendeurs. Albyco fournit un package de livraison innovant, sp\u00e9cialement adapt\u00e9 \u00e0 la lumi\u00e8re pour un utilisateur professionnel.","breadcrumb":{"@id":"https:\/\/albycosale.com\/fr\/producten\/dealerproducten\/#breadcrumb"},"inLanguage":"fr-FR","potentialAction":[{"@type":"ReadAction","target":["https:\/\/albycosale.com\/fr\/producten\/dealerproducten\/"]}]},{"@type":"BreadcrumbList","@id":"https:\/\/albycosale.com\/fr\/producten\/dealerproducten\/#breadcrumb","itemListElement":[{"@type":"ListItem","position":1,"name":"Home","item":"https:\/\/albycosale.com\/fr\/"},{"@type":"ListItem","position":2,"name":"Les produits","item":"https:\/\/albycosale.com\/fr\/producten\/"},{"@type":"ListItem","position":3,"name":"Produits Revendeurs"}]}]}},"_links":{"self":[{"href":"https:\/\/albycosale.com\/fr\/wp-json\/wp\/v2\/pages\/9378"}],"collection":[{"href":"https:\/\/albycosale.com\/fr\/wp-json\/wp\/v2\/pages"}],"about":[{"href":"https:\/\/albycosale.com\/fr\/wp-json\/wp\/v2\/types\/page"}],"author":[{"embeddable":true,"href":"https:\/\/albycosale.com\/fr\/wp-json\/wp\/v2\/users\/1"}],"replies":[{"embeddable":true,"href":"https:\/\/albycosale.com\/fr\/wp-json\/wp\/v2\/comments?post=9378"}],"version-history":[{"count":4,"href":"https:\/\/albycosale.com\/fr\/wp-json\/wp\/v2\/pages\/9378\/revisions"}],"predecessor-version":[{"id":11281,"href":"https:\/\/albycosale.com\/fr\/wp-json\/wp\/v2\/pages\/9378\/revisions\/11281"}],"up":[{"embeddable":true,"href":"https:\/\/albycosale.com\/fr\/wp-json\/wp\/v2\/pages\/7140"}],"wp:featuredmedia":[{"embeddable":true,"href":"https:\/\/albycosale.com\/fr\/wp-json\/wp\/v2\/media\/8340"}],"wp:attachment":[{"href":"https:\/\/albycosale.com\/fr\/wp-json\/wp\/v2\/media?parent=9378"}],"curies":[{"name":"wp","href":"https:\/\/api.w.org\/{rel}","templated":true}]}}