{"id":9456,"date":"2017-06-13T09:18:26","date_gmt":"2017-06-13T07:18:26","guid":{"rendered":"https:\/\/albycosale.com\/home\/"},"modified":"2026-01-05T09:03:23","modified_gmt":"2026-01-05T08:03:23","slug":"home","status":"publish","type":"page","link":"https:\/\/albycosale.com\/fr\/","title":{"rendered":"Home"},"content":{"rendered":"[vc_row][vc_column]\t<div class=\"albyco-landing-pages style-grid columns-6\">\n\t\t<ul class=\"page-links\">\n\t\t\t\t\t\t\t<li class=\"page-link\">\n\t\t\t\t\t<a href=\"https:\/\/albycosale.com\/fr\/producten\/reliure\/\" class=\"page-title\">\n\t\t\t\t\t\t\t<div class=\"post-thumbnail-wrapper\">\n\t\t<?xml version=\"1.0\" encoding=\"UTF-8\"?> <!-- Generator: Adobe Illustrator 21.0.0, SVG Export Plug-In . SVG Version: 6.00 Build 0) --> <svg xmlns=\"http:\/\/www.w3.org\/2000\/svg\" xmlns:xlink=\"http:\/\/www.w3.org\/1999\/xlink\" x=\"0px\" y=\"0px\" viewBox=\"0 0 51 51\" style=\"enable-background:new 0 0 51 51;\" xml:space=\"preserve\"> <style type=\"text\/css\"> .st0{fill:#E50602;} <\/style> <g> <path class=\"st0\" d=\"M50.9,38.4l-3.2-6.7c-0.1-0.3-0.5-0.5-0.8-0.5l-30.3,0c-0.1,0.6-0.3,1.2-0.5,1.8h30.3l2.4,5H8.6h0H1.8v-3.6 c0,0,0.1,0.1,0.1,0.1c1.5,2.2,4,3.5,6.6,3.5c3.4,0,6.3-2.1,7.5-5c0.2-0.6,0.4-1.1,0.5-1.8c0.1-0.5,0.1-0.9,0.1-1.4 c0-0.1,0-0.1,0-0.2l0.8-0.2l8.4-1.8l15.5-3.2l1.8-0.4l3.4-0.7c1.3-0.4,2.1-1.7,1.9-3.1c0,0,0,0,0-0.1l-0.9-4.3 c-0.6-2.6-2.9-4.5-5.6-4.5c-0.4,0-0.8,0-1.2,0.1l-38.7,8c-1,0.2-1.8,1.1-2.1,2.2c0,0.1,0,0.1,0,0.2v7.9c0,0.3,0,0.6,0.1,0.9 c0,0,0,0,0,0v8.1c0,0.5,0.4,0.9,0.9,0.9h49.2c0.3,0,0.6-0.2,0.7-0.4S51,38.7,50.9,38.4z M1.8,29.7V22c0.1-0.4,0.4-0.7,0.7-0.8 l38.7-8c0.3-0.1,0.6-0.1,0.8-0.1c1.8,0,3.5,1.3,3.9,3.2l0.9,4.3c0.1,0.5-0.2,1-0.6,1.1l-2.9,0.6l-1.8,0.4l-24.1,5L15.6,28 c-0.4,0.1-0.7,0.5-0.7,1c0,0.1,0,0.3,0,0.4c0,0.1,0,0.2,0,0.4c0,0.5-0.1,0.9-0.2,1.4c-0.1,0.6-0.4,1.2-0.7,1.8 c-1.1,1.9-3.2,3.2-5.5,3.2c-2.1,0-4.1-1-5.2-2.8c0,0-0.1-0.1-0.1-0.1c-0.5-0.5-0.9-1.1-1.2-1.8C1.9,30.9,1.8,30.4,1.8,29.7 L1.8,29.7z\"><\/path> <path class=\"st0\" d=\"M41.4,27.7H25.9l-8.4,1.8h24.7c0.5,0,0.9-0.4,0.9-0.9V24l-1.8,0.4V27.7z\"><\/path> <\/g> <\/svg> \t<\/div>\n\t\t\t\t\t\t<span>Reliure<\/span>\n\t\t\t\t\t<\/a>\n\t\t\t\t<\/li>\n\t\t\t\t\t\t\t<li class=\"page-link\">\n\t\t\t\t\t<a href=\"https:\/\/albycosale.com\/fr\/producten\/lamineren\/\" class=\"page-title\">\n\t\t\t\t\t\t\t<div class=\"post-thumbnail-wrapper\">\n\t\t<?xml version=\"1.0\" encoding=\"UTF-8\"?> <!-- Generator: Adobe Illustrator 21.0.0, SVG Export Plug-In . SVG Version: 6.00 Build 0) --> <svg xmlns=\"http:\/\/www.w3.org\/2000\/svg\" xmlns:xlink=\"http:\/\/www.w3.org\/1999\/xlink\" x=\"0px\" y=\"0px\" viewBox=\"0 0 51 51\" style=\"enable-background:new 0 0 51 51;\" xml:space=\"preserve\"> <style type=\"text\/css\"> .st0{fill:#EF2228;} <\/style> <path class=\"st0\" d=\"M42.1,11.1c-1.7-1-3.9-1.6-6.2-1.7v-3c0,0,0,0,0,0c0-1.8-1.2-3.4-3.2-4.6C30.7,0.6,28.2,0,25.5,0 c-2.7,0-5.2,0.6-7.2,1.7c-2.1,1.2-3.2,2.8-3.2,4.6c0,0,0,0,0,0v3c-2.3,0.1-4.5,0.7-6.2,1.7c-2.1,1.2-3.2,2.8-3.2,4.6v28.9 c0,1,0.4,2,1.1,2.9c1.7,2.1,5.2,3.5,9.3,3.5c0.5,0,1.1,0,1.6-0.1c0.1,0,0.1,0,0.2,0c0.5-0.1,1-0.1,1.5-0.2c0,0,0,0,0,0c0,0,0,0,0,0 c2.7-0.5,4.9-1.8,6.1-3.3c1.6,2.2,5.2,3.7,9.4,3.7c0.5,0,1.1,0,1.6-0.1c0.1,0,0.1,0,0.2,0c0.5-0.1,1-0.1,1.5-0.2c0,0,0,0,0,0 c0,0,0,0,0,0c4.1-0.8,7.1-3.2,7.1-6V15.7c0,0,0,0,0,0C45.3,13.9,44.2,12.3,42.1,11.1z M41.1,12.7c1.5,0.8,2.3,1.9,2.3,3c0,0,0,0,0,0 c0,0.1,0,0.3,0,0.4c0,0.1,0,0.1-0.1,0.2c0,0.1,0,0.1-0.1,0.2c0,0.1-0.1,0.2-0.1,0.3c0,0,0,0.1-0.1,0.1c-0.1,0.1-0.1,0.2-0.2,0.3 c0,0,0,0,0,0c-0.1,0.2-0.3,0.3-0.5,0.5c-0.1,0.1-0.1,0.1-0.2,0.2c-0.2,0.1-0.3,0.3-0.5,0.4c-0.1,0-0.1,0.1-0.2,0.1 c-0.1,0.1-0.3,0.2-0.4,0.2c-0.4,0.2-0.7,0.4-1.2,0.5c0,0-0.1,0-0.1,0c-0.4,0.2-0.9,0.3-1.3,0.4c-0.1,0-0.1,0-0.2,0.1 c-0.5,0.1-1,0.2-1.5,0.3c0,0-0.1,0-0.1,0c-0.2,0-0.5,0-0.7,0c-0.3,0-0.6,0.1-1,0.1s-0.6,0-1-0.1c-0.2,0-0.5,0-0.7,0 c-0.1,0-0.1,0-0.1,0c-0.5-0.1-1-0.1-1.5-0.2c-0.1,0-0.2,0-0.2-0.1c-0.1,0-0.2-0.1-0.3-0.1c-0.4-0.1-0.7-0.2-1-0.3c0,0-0.1,0-0.1,0 c-0.2-0.1-0.4-0.2-0.6-0.3c0,0-0.1,0-0.1,0c-0.2-0.1-0.3-0.2-0.5-0.3c0,0-0.1,0-0.1,0c-0.6-0.4-1.2-0.8-1.5-1.2c0,0,0,0-0.1-0.1 c-0.1-0.1-0.2-0.3-0.3-0.4c0,0,0,0,0-0.1c-0.1-0.1-0.1-0.2-0.1-0.3c0,0,0,0,0,0c0-0.1,0-0.1,0-0.2c0-0.1-0.1-0.2-0.1-0.2 c0-0.1,0-0.3,0-0.4c0-1.1,0.8-2.1,2.3-3c1.4-0.8,3.3-1.3,5.2-1.4c0.3,0,0.6-0.1,1-0.1c0.3,0,0.6,0,1,0.1 C37.9,11.4,39.7,11.9,41.1,12.7z M25.5,12.7C25.5,12.7,25.5,12.7,25.5,12.7C25.5,12.7,25.5,12.7,25.5,12.7 C25.5,12.7,25.5,12.7,25.5,12.7c0.1,0,0.2,0,0.3,0c-0.1,0.1-0.2,0.2-0.3,0.3c-0.1-0.1-0.2-0.2-0.3-0.3 C25.3,12.7,25.4,12.7,25.5,12.7z M19.3,3.4c1.6-0.9,3.8-1.5,6.2-1.5c2.4,0,4.6,0.5,6.2,1.5c1.5,0.8,2.3,1.9,2.3,3c0,0,0,0.1,0,0.1 c0,0.1,0,0.2,0,0.3c0,0.1,0,0.2-0.1,0.3c0,0,0,0.1,0,0.1c0,0.1-0.1,0.2-0.2,0.3c0,0,0,0,0,0c-0.1,0.2-0.2,0.3-0.3,0.5 c0,0,0,0-0.1,0.1c-0.4,0.4-0.9,0.9-1.6,1.2c0,0,0,0-0.1,0c-0.4,0.2-0.8,0.4-1.3,0.6c0,0-0.1,0-0.1,0c-0.4,0.2-0.9,0.3-1.3,0.4 c-0.1,0-0.1,0-0.2,0.1c-0.5,0.1-1,0.2-1.5,0.2c0,0-0.1,0-0.1,0c-0.6,0.1-1.1,0.1-1.7,0.1c0,0,0,0,0,0c-0.6,0-1.1,0-1.7-0.1 c0,0-0.1,0-0.1,0c-0.5-0.1-1-0.1-1.5-0.3c-0.1,0-0.1,0-0.2-0.1c-0.5-0.1-0.9-0.2-1.3-0.4c0,0-0.1,0-0.1,0c-0.4-0.2-0.9-0.4-1.3-0.6 c0,0,0,0,0,0c-0.7-0.4-1.2-0.8-1.6-1.3c0,0,0,0,0-0.1c-0.1-0.1-0.2-0.3-0.3-0.5c0,0,0,0,0-0.1c-0.1-0.1-0.1-0.2-0.2-0.3 c0,0,0-0.1,0-0.1c0-0.1-0.1-0.2-0.1-0.3c0-0.1,0-0.2,0-0.4c0,0,0,0,0-0.1C17,5.3,17.8,4.2,19.3,3.4z M9.9,12.7 c1.4-0.8,3.3-1.3,5.2-1.4c0.3,0,0.6-0.1,1-0.1c0.3,0,0.6,0,1,0.1c2,0.1,3.8,0.6,5.2,1.4c1.5,0.8,2.3,1.9,2.3,3c0,0,0,0.1,0,0.1 c0,0.1,0,0.2,0,0.3c0,0.1,0,0.2-0.1,0.3c0,0,0,0.1,0,0.1c0,0.1-0.1,0.2-0.2,0.3c0,0,0,0,0,0c-0.1,0.2-0.2,0.3-0.3,0.5 c0,0,0,0-0.1,0.1c-0.4,0.4-0.9,0.9-1.6,1.2c0,0,0,0,0,0c-0.4,0.2-0.8,0.4-1.3,0.6c0,0-0.1,0-0.1,0c-0.4,0.2-0.9,0.3-1.3,0.4 c-0.1,0-0.1,0-0.2,0.1c-0.5,0.1-1,0.2-1.5,0.3c0,0-0.1,0-0.1,0c-0.2,0-0.5,0-0.7,0c-0.3,0-0.6,0.1-1,0.1c-0.3,0-0.6,0-1-0.1 c-0.2,0-0.5,0-0.7,0c-0.1,0-0.1,0-0.1,0c-0.4,0-0.8-0.1-1.2-0.2c-0.1,0-0.2,0-0.3,0c-0.1,0-0.1,0-0.2-0.1c-0.1,0-0.1,0-0.2-0.1 c-0.4-0.1-0.8-0.2-1.1-0.3c0,0-0.1,0-0.1,0c-0.4-0.2-0.8-0.4-1.2-0.6c0,0-0.1,0-0.1-0.1c-0.1-0.1-0.3-0.2-0.4-0.2 C9.2,18.3,9,18.1,8.9,18c-0.1-0.1-0.1-0.1-0.2-0.2c-0.1-0.1-0.3-0.3-0.4-0.4c0,0-0.1-0.1-0.1-0.1c0,0,0,0,0,0 C8.1,17.2,8,17,7.9,16.9c0,0,0-0.1,0-0.1c0,0,0,0,0,0c0-0.1-0.1-0.2-0.1-0.3c0-0.1,0-0.1-0.1-0.2c0-0.1,0-0.1-0.1-0.2 c0-0.1,0-0.3,0-0.4c0,0,0,0,0,0C7.6,14.6,8.4,13.6,9.9,12.7z M18.1,49c-0.2,0-0.5,0.1-0.7,0.1c-0.1,0-0.2,0-0.3,0c-0.3,0-0.7,0-1,0 c-2.8,0-5.3-0.8-6.9-1.9c-1-0.7-1.6-1.6-1.6-2.6V19.4c0.1,0,0.1,0.1,0.2,0.1c0.2,0.1,0.3,0.2,0.5,0.4C8.3,20,8.4,20,8.5,20.1 c0.1,0,0.1,0.1,0.2,0.1c0,0,0,0,0,0c0.1,0.1,0.2,0.1,0.2,0.2c0,0,0.1,0,0.1,0.1c0.1,0,0.1,0.1,0.2,0.1c0.1,0,0.2,0.1,0.3,0.1 c0,0,0,0,0,0c0.1,0.1,0.2,0.1,0.4,0.2c0,0,0.1,0,0.1,0.1c0.1,0.1,0.2,0.1,0.4,0.2c0,0,0,0,0,0c0.1,0.1,0.3,0.1,0.4,0.1 c0.1,0,0.2,0.1,0.4,0.1c0.1,0,0.1,0,0.2,0.1c0,0,0,0,0,0c0.3,0.1,0.6,0.2,0.9,0.2c0.2,0,0.3,0.1,0.5,0.1c0.2,0,0.4,0.1,0.6,0.1 c0.2,0,0.3,0,0.5,0.1c0.2,0,0.5,0.1,0.7,0.1c0,0,0,0,0,0c0.1,0,0.3,0,0.4,0c0,0,0,0,0,0c0.1,0,0.1,0,0.2,0c0.3,0,0.6,0,0.9,0 c0,0,0,0,0.1,0c0,0,0,0,0,0c0.3,0,0.7,0.1,0.9,0.2c0.2,0.1,0.4,0.2,0.6,0.4c0.4,0.4,0.6,1,0.6,1.5v13.3v2.3v9.1 C18.2,48.9,18.1,48.9,18.1,49z M20.2,48.5v-7.8v-2V24.2c0-0.9-0.3-1.8-0.9-2.5c0,0,0.1,0,0.1,0c0.2,0,0.3-0.1,0.5-0.1 c0.3-0.1,0.6-0.1,0.8-0.2c0.2-0.1,0.4-0.1,0.6-0.2c0.1,0,0.3-0.1,0.4-0.1c0.2-0.1,0.4-0.1,0.5-0.2c0.1-0.1,0.2-0.1,0.4-0.2 c0.2-0.1,0.3-0.2,0.5-0.2c0,0,0.1,0,0.1-0.1c0.1,0,0.2-0.1,0.2-0.2c0.1-0.1,0.3-0.2,0.4-0.3c0.2-0.1,0.3-0.2,0.5-0.3 c0.1-0.1,0.1-0.1,0.2-0.2v20.3v1.9v3C24.5,46.3,22.8,47.7,20.2,48.5z M37,49c-0.2,0-0.5,0.1-0.7,0.1c-0.1,0-0.2,0-0.3,0 c-0.3,0-0.7,0-1,0c-4,0-7.5-1.6-8.3-3.6c-0.1-0.3-0.2-0.6-0.2-0.9v-3v-1.9V19.4c0.1,0.1,0.1,0.1,0.2,0.2c0.1,0.1,0.3,0.2,0.4,0.3 c0.1,0.1,0.3,0.2,0.5,0.3c0.1,0,0.1,0.1,0.2,0.1c0,0,0.1,0,0.1,0.1c0,0,0,0,0,0c0.1,0.1,0.3,0.2,0.5,0.2c0,0,0,0,0,0 c0.1,0.1,0.2,0.1,0.3,0.2c0.1,0.1,0.3,0.1,0.4,0.2c0,0,0.1,0,0.1,0c0,0,0,0,0,0c0.1,0,0.2,0.1,0.4,0.1c0,0,0,0,0,0 c0.2,0.1,0.3,0.1,0.5,0.2c0.1,0,0.2,0.1,0.4,0.1c0,0,0,0,0.1,0c0.2,0,0.3,0.1,0.5,0.1c0.2,0,0.3,0.1,0.5,0.1c0,0,0,0,0,0 c0.2,0,0.4,0.1,0.6,0.1c0,0,0,0,0,0c0.2,0,0.3,0,0.5,0.1c0,0,0,0,0,0c0.2,0,0.4,0.1,0.7,0.1c0,0,0,0,0,0c0,0,0.1,0,0.1,0 c0.1,0,0.2,0,0.3,0c0.1,0,0.1,0,0.2,0c0.3,0,0.6,0,0.9,0c0,0,0,0,0.1,0c0,0,0,0,0,0c0.3,0,0.7,0.1,0.9,0.2c0.2,0.1,0.4,0.2,0.6,0.4 c0.4,0.4,0.6,1,0.6,1.5v24.7C37.1,48.9,37,48.9,37,49z M43.4,44.6c0,1.6-1.8,3.1-4.4,3.9V24.2c0-0.9-0.3-1.8-0.9-2.5 c0,0,0.1,0,0.1,0c0.2,0,0.3-0.1,0.5-0.1c0.3-0.1,0.6-0.2,0.9-0.2c0.2-0.1,0.4-0.1,0.5-0.2c0.1,0,0.3-0.1,0.4-0.1 c0.2-0.1,0.3-0.1,0.5-0.2c0.1-0.1,0.3-0.1,0.4-0.2c0.2-0.1,0.3-0.2,0.5-0.2c0,0,0.1,0,0.1-0.1c0.1-0.1,0.2-0.1,0.3-0.2 c0.1-0.1,0.3-0.2,0.4-0.3c0.2-0.1,0.3-0.2,0.5-0.4c0.1,0,0.1-0.1,0.2-0.1V44.6z\"><\/path> <\/svg> \t<\/div>\n\t\t\t\t\t\t<span>Lamination<\/span>\n\t\t\t\t\t<\/a>\n\t\t\t\t<\/li>\n\t\t\t\t\t\t\t<li class=\"page-link\">\n\t\t\t\t\t<a href=\"https:\/\/albycosale.com\/fr\/producten\/papierbewerking\/\" class=\"page-title\">\n\t\t\t\t\t\t\t<div class=\"post-thumbnail-wrapper\">\n\t\t<?xml version=\"1.0\" encoding=\"UTF-8\"?> <!-- Generator: Adobe Illustrator 22.0.1, SVG Export Plug-In . SVG Version: 6.00 Build 0) --> <svg xmlns=\"http:\/\/www.w3.org\/2000\/svg\" xmlns:xlink=\"http:\/\/www.w3.org\/1999\/xlink\" x=\"0px\" y=\"0px\" viewBox=\"0 0 51 51\" style=\"enable-background:new 0 0 51 51;\" xml:space=\"preserve\"> <style type=\"text\/css\"> .st0{fill:#EF2228;} <\/style> <path class=\"st0\" d=\"M32,3H9.6c-1.1,0-2,0.9-2,2v34c0,5,4,9,9,9h24.7c1.1,0,2-0.9,2-2V14.9L32,3z M32.8,7l6.6,7h-6.6V7z M41.4,46 H16.6c-3.9,0-7-3.1-7-7V5h21.1v0v9c0,1.1,0.9,2,2,2h8.6h0V46z\"><\/path> <circle class=\"st0\" cx=\"36.5\" cy=\"42.5\" r=\"1.5\"><\/circle> <circle class=\"st0\" cx=\"31.5\" cy=\"42.5\" r=\"1.5\"><\/circle> <circle class=\"st0\" cx=\"26.5\" cy=\"42.5\" r=\"1.5\"><\/circle> <circle class=\"st0\" cx=\"21.5\" cy=\"42.5\" r=\"1.5\"><\/circle> <circle class=\"st0\" cx=\"16.5\" cy=\"42.5\" r=\"1.5\"><\/circle> <\/svg> \t<\/div>\n\t\t\t\t\t\t<span>Traitement du papier<\/span>\n\t\t\t\t\t<\/a>\n\t\t\t\t<\/li>\n\t\t\t\t\t\t\t<li class=\"page-link\">\n\t\t\t\t\t<a href=\"https:\/\/albycosale.com\/fr\/producten\/verpakken\/\" class=\"page-title\">\n\t\t\t\t\t\t\t<div class=\"post-thumbnail-wrapper\">\n\t\t<?xml version=\"1.0\" encoding=\"UTF-8\"?> <!-- Generator: Adobe Illustrator 22.0.1, SVG Export Plug-In . SVG Version: 6.00 Build 0) --> <svg xmlns=\"http:\/\/www.w3.org\/2000\/svg\" xmlns:xlink=\"http:\/\/www.w3.org\/1999\/xlink\" x=\"0px\" y=\"0px\" viewBox=\"0 0 51 51\" style=\"enable-background:new 0 0 51 51;\" xml:space=\"preserve\"> <style type=\"text\/css\"> .st0{fill:#EF2228;} <\/style> <path class=\"st0\" d=\"M25.5,3.5L5.6,15L5.5,15V36l20,11.5l20-11.5V15L25.5,3.5z M43.2,17.7v17l-16.6,9.6v-17L43.2,17.7z M32.7,21.1 l-7.2,4.1L8.9,15.7l7.2-4.1L32.7,21.1z M25.5,6.1l16.6,9.6l-7.2,4.1l-16.6-9.6L25.5,6.1z M24.4,27.2v17L7.8,34.6v-17L24.4,27.2z\"><\/path> <\/svg> \t<\/div>\n\t\t\t\t\t\t<span>Syst\u00e8mes d`emballage<\/span>\n\t\t\t\t\t<\/a>\n\t\t\t\t<\/li>\n\t\t\t\t\t\t\t<li class=\"page-link\">\n\t\t\t\t\t<a href=\"https:\/\/albycosale.com\/fr\/producten\/sign\/\" class=\"page-title\">\n\t\t\t\t\t\t\t<div class=\"post-thumbnail-wrapper\">\n\t\t<?xml version=\"1.0\" encoding=\"UTF-8\"?> <!-- Generator: Adobe Illustrator 22.0.1, SVG Export Plug-In . SVG Version: 6.00 Build 0) --> <svg xmlns=\"http:\/\/www.w3.org\/2000\/svg\" xmlns:xlink=\"http:\/\/www.w3.org\/1999\/xlink\" x=\"0px\" y=\"0px\" viewBox=\"0 0 51 51\" style=\"enable-background:new 0 0 51 51;\" xml:space=\"preserve\"> <style type=\"text\/css\"> .st0{fill:#EF2228;} <\/style> <g> <path class=\"st0\" d=\"M7,22.8H5.8c-1.2,0-2.2-1-2.2-2.2l0,0c0-1.2,1-2.2,2.2-2.2H7V22.8z\"><\/path> <\/g> <g> <path class=\"st0\" d=\"M44,18.3h1.1c1.2,0,2.2,1,2.2,2.2l0,0c0,1.2-1,2.2-2.2,2.2H44V18.3z\"><\/path> <\/g> <path class=\"st0\" d=\"M45.7,16H5.3c-0.9,0-1.7-0.8-1.7-1.7l0,0c0-0.9,0.8-1.7,1.7-1.7h40.4c0.9,0,1.7,0.8,1.7,1.7l0,0 C47.4,15.2,46.6,16,45.7,16z\"><\/path> <path class=\"st0\" d=\"M9.2,45.2v-7.9c0-0.7,0.4-1.1,1.1-1.1l0,0c0.7,0,1.1,0.4,1.1,1.1v7.9c0,0.6-0.4,1.1-1.1,1.1l0,0 C9.8,46.3,9.2,45.8,9.2,45.2z\"><\/path> <path class=\"st0\" d=\"M39.5,45.2v-7.9c0-0.7,0.6-1.1,1.1-1.1l0,0c0.7,0,1.1,0.4,1.1,1.1v7.9c0,0.6-0.4,1.1-1.1,1.1l0,0 C40.1,46.3,39.5,45.8,39.5,45.2z\"><\/path> <path class=\"st0\" d=\"M12.6,46.3H8.1c-0.7,0-1.1-0.6-1.1-1.1l0,0c0-0.7,0.4-1.1,1.1-1.1h4.5c0.7,0,1.1,0.4,1.1,1.1l0,0 C13.7,45.9,13.1,46.3,12.6,46.3z\"><\/path> <path class=\"st0\" d=\"M42.9,46.3h-4.5c-0.6,0-1.1-0.6-1.1-1.1l0,0c0-0.7,0.6-1.1,1.1-1.1h4.5c0.6,0,1.1,0.4,1.1,1.1l0,0 C44,45.9,43.5,46.3,42.9,46.3z\"><\/path> <path class=\"st0\" d=\"M36.7,3.7H8.6v10.1h33.7V9.3L36.7,3.7z M40.3,9.7h-4.2v-4h0.2L40.3,9.7z M10.7,12.6V5.7h23.7v5.6h5.8v1.3H10.7z \"><\/path> <g> <path class=\"st0\" d=\"M5.8,14.9v22.5h39.3V14.9H5.8z M43.1,35.3H7.9V15h35.1V35.3z\"><\/path> <polygon class=\"st0\" points=\"21.6,22.6 25.7,27.1 28.2,23.7 34.7,30.6 36.2,29.3 28,20.6 25.6,23.9 21.4,19.4 14.7,29.4 16.4,30.5 \"><\/polygon> <\/g> <\/svg> \t<\/div>\n\t\t\t\t\t\t<span>Sign<\/span>\n\t\t\t\t\t<\/a>\n\t\t\t\t<\/li>\n\t\t\t\t\t<\/ul>\n\t<\/div>\n[\/vc_column][\/vc_row][vc_row][vc_column][vc_column_text]\r\n<h2 style=\"text-align: center;\"><strong><span style=\"color: #333399;\">Albyco fait le m\u00e9nage !<\/span><\/strong><\/h2>\r\n<p style=\"text-align: center;\">Pour faire place aux derniers syst\u00e8mes de finition graphique, nous proposons des remises \u00e9lev\u00e9es sur les produits, fournitures et machines standards.<\/p>\r\n\r\n<h2 style=\"text-align: center;\"><span style=\"color: #000080;\"><strong>D\u00e9couvrez les prix de liquidation spectaculaires!<\/strong><\/span><\/h2>\r\nLes prix sont valables jusqu&#8217;\u00e0 \u00e9puisement des stocks, voir confirmation de commande[\/vc_column_text][\/vc_column][\/vc_row][vc_row][vc_column width=&#8221;1\/3&#8243;][vc_column_text]\r\n<h2 class=\"lom-title\">Machines<\/h2>\r\n[\/vc_column_text][vc_single_image image=&#8221;36841&#8243; img_size=&#8221;column-3&#8243; alignment=&#8221;center&#8221; onclick=&#8221;custom_link&#8221; link=&#8221;https:\/\/albycosale.com\/fr\/product-categorie\/machines-fr\/&#8221; class=&#8221;overlay&#8221; el_class=&#8221;overlay&#8221;][\/vc_column][vc_column width=&#8221;1\/3&#8243;][vc_column_text]\r\n<h2 class=\"lom-title\">Consommables<\/h2>\r\n[\/vc_column_text][vc_single_image image=&#8221;36832&#8243; img_size=&#8221;column-3&#8243; onclick=&#8221;custom_link&#8221; link=&#8221;https:\/\/albycosale.com\/fr\/product-categorie\/consommables\/&#8221; class=&#8221;overlay&#8221; el_class=&#8221;overlay&#8221;][\/vc_column][vc_column width=&#8221;1\/3&#8243;][vc_column_text]\r\n<h2 class=\"lom-title\">Service client\u00e8le<\/h2>\r\n[\/vc_column_text][vc_single_image image=&#8221;36838&#8243; img_size=&#8221;column-3&#8243; onclick=&#8221;custom_link&#8221; link=&#8221;https:\/\/albycosale.com\/fr\/contactez-nous\/&#8221; class=&#8221;overlay&#8221; el_class=&#8221;overlay&#8221;][\/vc_column][\/vc_row][vc_row][vc_column][vc_row_inner][vc_column_inner]\n<div class=\"lom-title align-left \">\n\t<h2>\n\t\tAlbyco, le fournisseur pour le post-traitement des m\u00e9dias imprim\u00e9s !\t<\/h2>\n\t<\/div>[\/vc_column_inner][\/vc_row_inner][\/vc_column][\/vc_row][vc_row][vc_column][vc_column_text]\r\n<h2 style=\"text-align: left;\"><strong><span style=\"color: #000080;\">Albyco fait le m\u00e9nage !<\/span><\/strong><\/h2>\r\nEn raison de l&#8217;\u00e9volution des m\u00e9thodes de travail, de la num\u00e9risation et de l&#8217;\u00e9volution de l&#8217;environnement de travail graphique innovant, la composition de notre gamme de produits a consid\u00e9rablement chang\u00e9 au fil des ann\u00e9es. Cela signifie que de nombreux types de consommables sont moins utilis\u00e9s. Dans le m\u00eame temps, de nouveaux types de consommables sont vendus beaucoup plus souvent. Notre entrep\u00f4t \u00e0 Oosterhout est tr\u00e8s flexible, mais nous manquons lentement d&#8217;espace et nous voulons faire de la place pour des produits encore plus innovants.\r\n\r\nC&#8217;est pourquoi nous proposons une tr\u00e8s grande partie du programme Albyco \u00e0 des prix spectaculaires. Fournitures de plusieurs tailles et couleurs, perceuses \u00e0 papier, colle, etc., etc.\r\n\r\nPour des questions ou des volumes importants, veuillez appeler notre service commercial : +31 (0)162-486 286 !\r\n<h2><span style=\"color: #333399;\"><strong>Saisissez votre chance !<\/strong><\/span><\/h2>\r\n[\/vc_column_text][\/vc_column][\/vc_row]","protected":false},"excerpt":{"rendered":"<p>[vc_row][vc_column][\/vc_column][\/vc_row][vc_row][vc_column][vc_column_text] Albyco fait le m\u00e9nage ! Pour faire place aux derniers syst\u00e8mes de finition graphique, nous proposons des remises \u00e9lev\u00e9es sur les produits, fournitures et machines standards. D\u00e9couvrez les prix de liquidation spectaculaires! Les prix sont valables jusqu&#8217;\u00e0 \u00e9puisement des stocks, voir confirmation de commande[\/vc_column_text][\/vc_column][\/vc_row][vc_row][vc_column width=&#8221;1\/3&#8243;][vc_column_text] Machines [\/vc_column_text][vc_single_image image=&#8221;36841&#8243; img_size=&#8221;column-3&#8243; alignment=&#8221;center&#8221; onclick=&#8221;custom_link&#8221; link=&#8221;https:\/\/albycosale.com\/fr\/product-categorie\/machines-fr\/&#8221; class=&#8221;overlay&#8221; el_class=&#8221;overlay&#8221;][\/vc_column][vc_column [&hellip;]<\/p>\n","protected":false},"author":1,"featured_media":0,"parent":0,"menu_order":1,"comment_status":"closed","ping_status":"closed","template":"","meta":[],"yoast_head":"<!-- This site is optimized with the Yoast SEO plugin v18.6 - https:\/\/yoast.com\/wordpress\/plugins\/seo\/ -->\n<title>Albyco | Fournisseur pour le post-traitement des m\u00e9dias imprim\u00e9s<\/title>\n<meta name=\"description\" content=\"Albyco fournit des machines et des accessoires pour le post-traitement des supports imprim\u00e9s! Nous sommes heureux de vous assister pour obtenir des conseils. Voir notre offre en ligne et commander directement!\" \/>\n<meta name=\"robots\" content=\"index, follow, max-snippet:-1, max-image-preview:large, max-video-preview:-1\" \/>\n<link rel=\"canonical\" href=\"https:\/\/albycosale.com\/fr\/\" \/>\n<meta property=\"og:locale\" content=\"fr_FR\" \/>\n<meta property=\"og:type\" content=\"article\" \/>\n<meta property=\"og:title\" content=\"Albyco | Fournisseur pour le post-traitement des m\u00e9dias imprim\u00e9s\" \/>\n<meta property=\"og:description\" content=\"Albyco fournit des machines et des accessoires pour le post-traitement des supports imprim\u00e9s! Nous sommes heureux de vous assister pour obtenir des conseils. Voir notre offre en ligne et commander directement!\" \/>\n<meta property=\"og:url\" content=\"https:\/\/albycosale.com\/fr\/\" \/>\n<meta property=\"og:site_name\" content=\"Albyco\" \/>\n<meta property=\"article:modified_time\" content=\"2026-01-05T08:03:23+00:00\" \/>\n<meta name=\"twitter:card\" content=\"summary\" \/>\n<meta name=\"twitter:site\" content=\"@AlbycoNederland\" \/>\n<meta name=\"twitter:label1\" content=\"Dur\u00e9e de lecture estim\u00e9e\" \/>\n\t<meta name=\"twitter:data1\" content=\"2 minutes\" \/>\n<script type=\"application\/ld+json\" class=\"yoast-schema-graph\">{\"@context\":\"https:\/\/schema.org\",\"@graph\":[{\"@type\":\"Organization\",\"@id\":\"https:\/\/albycosale.com\/#organization\",\"name\":\"Albyco Nederland B.V.\",\"url\":\"https:\/\/albycosale.com\/\",\"sameAs\":[\"https:\/\/www.linkedin.com\/company\/18015670\/\",\"https:\/\/www.youtube.com\/user\/AlbycoNederland\",\"https:\/\/nl.pinterest.com\/albyco\",\"https:\/\/twitter.com\/AlbycoNederland\"],\"logo\":{\"@type\":\"ImageObject\",\"@id\":\"https:\/\/albycosale.com\/#logo\",\"inLanguage\":\"fr-FR\",\"url\":\"https:\/\/albycosale.com\/wp-content\/uploads\/2017\/07\/albyco_logo_hd.png\",\"contentUrl\":\"https:\/\/albycosale.com\/wp-content\/uploads\/2017\/07\/albyco_logo_hd.png\",\"width\":300,\"height\":300,\"caption\":\"Albyco Nederland B.V.\"},\"image\":{\"@id\":\"https:\/\/albycosale.com\/#logo\"}},{\"@type\":\"WebSite\",\"@id\":\"https:\/\/albycosale.com\/#website\",\"url\":\"https:\/\/albycosale.com\/\",\"name\":\"Albyco\",\"description\":\"Leverancier voor nabewerking van geprinte media\",\"publisher\":{\"@id\":\"https:\/\/albycosale.com\/#organization\"},\"potentialAction\":[{\"@type\":\"SearchAction\",\"target\":{\"@type\":\"EntryPoint\",\"urlTemplate\":\"https:\/\/albycosale.com\/?s={search_term_string}\"},\"query-input\":\"required name=search_term_string\"}],\"inLanguage\":\"fr-FR\"},{\"@type\":\"WebPage\",\"@id\":\"https:\/\/albycosale.com\/fr\/#webpage\",\"url\":\"https:\/\/albycosale.com\/fr\/\",\"name\":\"Albyco | Fournisseur pour le post-traitement des m\u00e9dias imprim\u00e9s\",\"isPartOf\":{\"@id\":\"https:\/\/albycosale.com\/#website\"},\"datePublished\":\"2017-06-13T07:18:26+00:00\",\"dateModified\":\"2026-01-05T08:03:23+00:00\",\"description\":\"Albyco fournit des machines et des accessoires pour le post-traitement des supports imprim\u00e9s! Nous sommes heureux de vous assister pour obtenir des conseils. Voir notre offre en ligne et commander directement!\",\"breadcrumb\":{\"@id\":\"https:\/\/albycosale.com\/fr\/#breadcrumb\"},\"inLanguage\":\"fr-FR\",\"potentialAction\":[{\"@type\":\"ReadAction\",\"target\":[\"https:\/\/albycosale.com\/fr\/\"]}]},{\"@type\":\"BreadcrumbList\",\"@id\":\"https:\/\/albycosale.com\/fr\/#breadcrumb\",\"itemListElement\":[{\"@type\":\"ListItem\",\"position\":1,\"name\":\"Home\",\"item\":\"https:\/\/albycosale.com\/fr\/\"},{\"@type\":\"ListItem\",\"position\":2,\"name\":\"Home\"}]}]}<\/script>\n<!-- \/ Yoast SEO plugin. -->","yoast_head_json":{"title":"Albyco | Fournisseur pour le post-traitement des m\u00e9dias imprim\u00e9s","description":"Albyco fournit des machines et des accessoires pour le post-traitement des supports imprim\u00e9s! Nous sommes heureux de vous assister pour obtenir des conseils. Voir notre offre en ligne et commander directement!","robots":{"index":"index","follow":"follow","max-snippet":"max-snippet:-1","max-image-preview":"max-image-preview:large","max-video-preview":"max-video-preview:-1"},"canonical":"https:\/\/albycosale.com\/fr\/","og_locale":"fr_FR","og_type":"article","og_title":"Albyco | Fournisseur pour le post-traitement des m\u00e9dias imprim\u00e9s","og_description":"Albyco fournit des machines et des accessoires pour le post-traitement des supports imprim\u00e9s! Nous sommes heureux de vous assister pour obtenir des conseils. Voir notre offre en ligne et commander directement!","og_url":"https:\/\/albycosale.com\/fr\/","og_site_name":"Albyco","article_modified_time":"2026-01-05T08:03:23+00:00","twitter_card":"summary","twitter_site":"@AlbycoNederland","twitter_misc":{"Dur\u00e9e de lecture estim\u00e9e":"2 minutes"},"schema":{"@context":"https:\/\/schema.org","@graph":[{"@type":"Organization","@id":"https:\/\/albycosale.com\/#organization","name":"Albyco Nederland B.V.","url":"https:\/\/albycosale.com\/","sameAs":["https:\/\/www.linkedin.com\/company\/18015670\/","https:\/\/www.youtube.com\/user\/AlbycoNederland","https:\/\/nl.pinterest.com\/albyco","https:\/\/twitter.com\/AlbycoNederland"],"logo":{"@type":"ImageObject","@id":"https:\/\/albycosale.com\/#logo","inLanguage":"fr-FR","url":"https:\/\/albycosale.com\/wp-content\/uploads\/2017\/07\/albyco_logo_hd.png","contentUrl":"https:\/\/albycosale.com\/wp-content\/uploads\/2017\/07\/albyco_logo_hd.png","width":300,"height":300,"caption":"Albyco Nederland B.V."},"image":{"@id":"https:\/\/albycosale.com\/#logo"}},{"@type":"WebSite","@id":"https:\/\/albycosale.com\/#website","url":"https:\/\/albycosale.com\/","name":"Albyco","description":"Leverancier voor nabewerking van geprinte media","publisher":{"@id":"https:\/\/albycosale.com\/#organization"},"potentialAction":[{"@type":"SearchAction","target":{"@type":"EntryPoint","urlTemplate":"https:\/\/albycosale.com\/?s={search_term_string}"},"query-input":"required name=search_term_string"}],"inLanguage":"fr-FR"},{"@type":"WebPage","@id":"https:\/\/albycosale.com\/fr\/#webpage","url":"https:\/\/albycosale.com\/fr\/","name":"Albyco | Fournisseur pour le post-traitement des m\u00e9dias imprim\u00e9s","isPartOf":{"@id":"https:\/\/albycosale.com\/#website"},"datePublished":"2017-06-13T07:18:26+00:00","dateModified":"2026-01-05T08:03:23+00:00","description":"Albyco fournit des machines et des accessoires pour le post-traitement des supports imprim\u00e9s! Nous sommes heureux de vous assister pour obtenir des conseils. Voir notre offre en ligne et commander directement!","breadcrumb":{"@id":"https:\/\/albycosale.com\/fr\/#breadcrumb"},"inLanguage":"fr-FR","potentialAction":[{"@type":"ReadAction","target":["https:\/\/albycosale.com\/fr\/"]}]},{"@type":"BreadcrumbList","@id":"https:\/\/albycosale.com\/fr\/#breadcrumb","itemListElement":[{"@type":"ListItem","position":1,"name":"Home","item":"https:\/\/albycosale.com\/fr\/"},{"@type":"ListItem","position":2,"name":"Home"}]}]}},"_links":{"self":[{"href":"https:\/\/albycosale.com\/fr\/wp-json\/wp\/v2\/pages\/9456"}],"collection":[{"href":"https:\/\/albycosale.com\/fr\/wp-json\/wp\/v2\/pages"}],"about":[{"href":"https:\/\/albycosale.com\/fr\/wp-json\/wp\/v2\/types\/page"}],"author":[{"embeddable":true,"href":"https:\/\/albycosale.com\/fr\/wp-json\/wp\/v2\/users\/1"}],"replies":[{"embeddable":true,"href":"https:\/\/albycosale.com\/fr\/wp-json\/wp\/v2\/comments?post=9456"}],"version-history":[{"count":95,"href":"https:\/\/albycosale.com\/fr\/wp-json\/wp\/v2\/pages\/9456\/revisions"}],"predecessor-version":[{"id":43564,"href":"https:\/\/albycosale.com\/fr\/wp-json\/wp\/v2\/pages\/9456\/revisions\/43564"}],"wp:attachment":[{"href":"https:\/\/albycosale.com\/fr\/wp-json\/wp\/v2\/media?parent=9456"}],"curies":[{"name":"wp","href":"https:\/\/api.w.org\/{rel}","templated":true}]}}