{"id":42611,"date":"2022-11-22T10:42:32","date_gmt":"2022-11-22T09:42:32","guid":{"rendered":"https:\/\/albycosale.com\/product\/presentoir-de-comptoir-albyco-a5\/"},"modified":"2023-07-31T11:46:26","modified_gmt":"2023-07-31T09:46:26","slug":"presentoir-de-comptoir-albyco-a5","status":"publish","type":"product","link":"https:\/\/albycosale.com\/fr\/produit\/presentoir-de-comptoir-albyco-a5\/","title":{"rendered":"Pr\u00e9sentoir de comptoir Albyco A5"},"content":{"rendered":"<strong>Pr\u00e9sentoir de comptoir Albyco A5<\/strong>\r\n\r\nPr\u00e9sentoir de comptoir simple pour faire-part, offres, etc. Format papier A5, donc pour feuilles de 21 cm de haut x 14,85 cm de large\r\n\r\nPeut \u00eatre utilis\u00e9 \u00e0 la fois horizontalement et verticalement.\r\n<table style=\"width: 100%; border-collapse: collapse;\" border=\"0\">\r\n<tbody>\r\n<tr>\r\n<td style=\"width: 50%;\"><a href=\"https:\/\/albycosale.com\/fr\/contactez-nous\/\"><img class=\"size-medium wp-image-42862 alignleft\" src=\"https:\/\/albycosale.com\/wp-content\/uploads\/2023\/02\/CTA-Albycosale-fr-300x188.jpg\" alt=\"\" width=\"300\" height=\"188\" srcset=\"https:\/\/albycosale.com\/wp-content\/uploads\/2023\/02\/CTA-Albycosale-fr-300x188.jpg 300w, https:\/\/albycosale.com\/wp-content\/uploads\/2023\/02\/CTA-Albycosale-fr-768x482.jpg 768w, https:\/\/albycosale.com\/wp-content\/uploads\/2023\/02\/CTA-Albycosale-fr-615x386.jpg 615w, https:\/\/albycosale.com\/wp-content\/uploads\/2023\/02\/CTA-Albycosale-fr-410x257.jpg 410w, https:\/\/albycosale.com\/wp-content\/uploads\/2023\/02\/CTA-Albycosale-fr-100x63.jpg 100w, https:\/\/albycosale.com\/wp-content\/uploads\/2023\/02\/CTA-Albycosale-fr-580x364.jpg 580w, https:\/\/albycosale.com\/wp-content\/uploads\/2023\/02\/CTA-Albycosale-fr-385x242.jpg 385w, https:\/\/albycosale.com\/wp-content\/uploads\/2023\/02\/CTA-Albycosale-fr-280x176.jpg 280w, https:\/\/albycosale.com\/wp-content\/uploads\/2023\/02\/CTA-Albycosale-fr-24x15.jpg 24w, https:\/\/albycosale.com\/wp-content\/uploads\/2023\/02\/CTA-Albycosale-fr-36x23.jpg 36w, https:\/\/albycosale.com\/wp-content\/uploads\/2023\/02\/CTA-Albycosale-fr-48x30.jpg 48w, https:\/\/albycosale.com\/wp-content\/uploads\/2023\/02\/CTA-Albycosale-fr-500x314.jpg 500w, https:\/\/albycosale.com\/wp-content\/uploads\/2023\/02\/CTA-Albycosale-fr-700x440.jpg 700w, https:\/\/albycosale.com\/wp-content\/uploads\/2023\/02\/CTA-Albycosale-fr.jpg 860w\" sizes=\"(max-width: 300px) 100vw, 300px\" \/><\/a><\/td>\r\n<td style=\"width: 50%;\"><\/td>\r\n<\/tr>\r\n<\/tbody>\r\n<\/table>\n<br \/>","protected":false},"excerpt":{"rendered":"<p><strong>Pr\u00e9sentoir de comptoir Albyco A5<\/strong><\/p>\n<p><strong>Pr\u00e9sentoir de comptoir simple pour faire-part, offres, etc. Format papier A5, donc pour feuilles de 21 cm de haut x 14,85 cm de large<\/strong><\/p>\n","protected":false},"featured_media":40327,"comment_status":"closed","ping_status":"closed","template":"","meta":[],"product_cat":[5206,3166,2822,2958],"product_tag":[],"yoast_head":"<!-- This site is optimized with the Yoast SEO plugin v18.6 - https:\/\/yoast.com\/wordpress\/plugins\/seo\/ -->\n<title>Pr\u00e9sentoir de comptoir Albyco A5 - Albyco<\/title>\n<meta name=\"description\" content=\"Pr\u00e9sentoir de comptoir Albyco A5  Pr\u00e9sentoir de comptoir simple pour faire-part, offres, etc. Format papier A5, donc pour feuilles de 21 cm de haut x 14,85 cm de large\" \/>\n<meta name=\"robots\" content=\"index, follow, max-snippet:-1, max-image-preview:large, max-video-preview:-1\" \/>\n<link rel=\"canonical\" href=\"https:\/\/albycosale.com\/fr\/produit\/presentoir-de-comptoir-albyco-a5\/\" \/>\n<meta property=\"og:locale\" content=\"fr_FR\" \/>\n<meta property=\"og:type\" content=\"article\" \/>\n<meta property=\"og:title\" content=\"Pr\u00e9sentoir de comptoir Albyco A5 - Albyco\" \/>\n<meta property=\"og:description\" content=\"Pr\u00e9sentoir de comptoir Albyco A5  Pr\u00e9sentoir de comptoir simple pour faire-part, offres, etc. Format papier A5, donc pour feuilles de 21 cm de haut x 14,85 cm de large\" \/>\n<meta property=\"og:url\" content=\"https:\/\/albycosale.com\/fr\/produit\/presentoir-de-comptoir-albyco-a5\/\" \/>\n<meta property=\"og:site_name\" content=\"Albyco\" \/>\n<meta property=\"article:modified_time\" content=\"2023-07-31T09:46:26+00:00\" \/>\n<meta property=\"og:image\" content=\"https:\/\/albycosale.com\/wp-content\/uploads\/2022\/11\/Display-A5.jpg\" \/>\n\t<meta property=\"og:image:width\" content=\"1536\" \/>\n\t<meta property=\"og:image:height\" content=\"2048\" \/>\n\t<meta property=\"og:image:type\" content=\"image\/jpeg\" \/>\n<meta name=\"twitter:card\" content=\"summary\" \/>\n<meta name=\"twitter:site\" content=\"@AlbycoNederland\" \/>\n<script type=\"application\/ld+json\" class=\"yoast-schema-graph\">{\"@context\":\"https:\/\/schema.org\",\"@graph\":[{\"@type\":\"Organization\",\"@id\":\"https:\/\/albycosale.com\/#organization\",\"name\":\"Albyco Nederland B.V.\",\"url\":\"https:\/\/albycosale.com\/\",\"sameAs\":[\"https:\/\/www.linkedin.com\/company\/18015670\/\",\"https:\/\/www.youtube.com\/user\/AlbycoNederland\",\"https:\/\/nl.pinterest.com\/albyco\",\"https:\/\/twitter.com\/AlbycoNederland\"],\"logo\":{\"@type\":\"ImageObject\",\"@id\":\"https:\/\/albycosale.com\/#logo\",\"inLanguage\":\"fr-FR\",\"url\":\"https:\/\/albycosale.com\/wp-content\/uploads\/2017\/07\/albyco_logo_hd.png\",\"contentUrl\":\"https:\/\/albycosale.com\/wp-content\/uploads\/2017\/07\/albyco_logo_hd.png\",\"width\":300,\"height\":300,\"caption\":\"Albyco Nederland B.V.\"},\"image\":{\"@id\":\"https:\/\/albycosale.com\/#logo\"}},{\"@type\":\"WebSite\",\"@id\":\"https:\/\/albycosale.com\/#website\",\"url\":\"https:\/\/albycosale.com\/\",\"name\":\"Albyco\",\"description\":\"Leverancier voor nabewerking van geprinte media\",\"publisher\":{\"@id\":\"https:\/\/albycosale.com\/#organization\"},\"potentialAction\":[{\"@type\":\"SearchAction\",\"target\":{\"@type\":\"EntryPoint\",\"urlTemplate\":\"https:\/\/albycosale.com\/?s={search_term_string}\"},\"query-input\":\"required name=search_term_string\"}],\"inLanguage\":\"fr-FR\"},{\"@type\":\"ImageObject\",\"@id\":\"https:\/\/albycosale.com\/fr\/produit\/presentoir-de-comptoir-albyco-a5\/#primaryimage\",\"inLanguage\":\"fr-FR\",\"url\":\"https:\/\/albycosale.com\/wp-content\/uploads\/2022\/11\/Display-A5.jpg\",\"contentUrl\":\"https:\/\/albycosale.com\/wp-content\/uploads\/2022\/11\/Display-A5.jpg\",\"width\":1536,\"height\":2048,\"caption\":\"Pr\u00e9sentoir de comptoir Albyco A5\"},{\"@type\":\"WebPage\",\"@id\":\"https:\/\/albycosale.com\/fr\/produit\/presentoir-de-comptoir-albyco-a5\/#webpage\",\"url\":\"https:\/\/albycosale.com\/fr\/produit\/presentoir-de-comptoir-albyco-a5\/\",\"name\":\"Pr\u00e9sentoir de comptoir Albyco A5 - Albyco\",\"isPartOf\":{\"@id\":\"https:\/\/albycosale.com\/#website\"},\"primaryImageOfPage\":{\"@id\":\"https:\/\/albycosale.com\/fr\/produit\/presentoir-de-comptoir-albyco-a5\/#primaryimage\"},\"datePublished\":\"2022-11-22T09:42:32+00:00\",\"dateModified\":\"2023-07-31T09:46:26+00:00\",\"description\":\"Pr\u00e9sentoir de comptoir Albyco A5 Pr\u00e9sentoir de comptoir simple pour faire-part, offres, etc. Format papier A5, donc pour feuilles de 21 cm de haut x 14,85 cm de large\",\"breadcrumb\":{\"@id\":\"https:\/\/albycosale.com\/fr\/produit\/presentoir-de-comptoir-albyco-a5\/#breadcrumb\"},\"inLanguage\":\"fr-FR\",\"potentialAction\":[{\"@type\":\"ReadAction\",\"target\":[\"https:\/\/albycosale.com\/fr\/produit\/presentoir-de-comptoir-albyco-a5\/\"]}]},{\"@type\":\"BreadcrumbList\",\"@id\":\"https:\/\/albycosale.com\/fr\/produit\/presentoir-de-comptoir-albyco-a5\/#breadcrumb\",\"itemListElement\":[{\"@type\":\"ListItem\",\"position\":1,\"name\":\"Home\",\"item\":\"https:\/\/albycosale.com\/fr\/\"},{\"@type\":\"ListItem\",\"position\":2,\"name\":\"Les produits\",\"item\":\"https:\/\/albycosale.com\/fr\/producten\/\"},{\"@type\":\"ListItem\",\"position\":3,\"name\":\"Pr\u00e9sentoir de comptoir Albyco A5\"}]}]}<\/script>\n<!-- \/ Yoast SEO plugin. -->","yoast_head_json":{"title":"Pr\u00e9sentoir de comptoir Albyco A5 - Albyco","description":"Pr\u00e9sentoir de comptoir Albyco A5  Pr\u00e9sentoir de comptoir simple pour faire-part, offres, etc. Format papier A5, donc pour feuilles de 21 cm de haut x 14,85 cm de large","robots":{"index":"index","follow":"follow","max-snippet":"max-snippet:-1","max-image-preview":"max-image-preview:large","max-video-preview":"max-video-preview:-1"},"canonical":"https:\/\/albycosale.com\/fr\/produit\/presentoir-de-comptoir-albyco-a5\/","og_locale":"fr_FR","og_type":"article","og_title":"Pr\u00e9sentoir de comptoir Albyco A5 - Albyco","og_description":"Pr\u00e9sentoir de comptoir Albyco A5  Pr\u00e9sentoir de comptoir simple pour faire-part, offres, etc. Format papier A5, donc pour feuilles de 21 cm de haut x 14,85 cm de large","og_url":"https:\/\/albycosale.com\/fr\/produit\/presentoir-de-comptoir-albyco-a5\/","og_site_name":"Albyco","article_modified_time":"2023-07-31T09:46:26+00:00","og_image":[{"width":1536,"height":2048,"url":"https:\/\/albycosale.com\/wp-content\/uploads\/2022\/11\/Display-A5.jpg","type":"image\/jpeg"}],"twitter_card":"summary","twitter_site":"@AlbycoNederland","schema":{"@context":"https:\/\/schema.org","@graph":[{"@type":"Organization","@id":"https:\/\/albycosale.com\/#organization","name":"Albyco Nederland B.V.","url":"https:\/\/albycosale.com\/","sameAs":["https:\/\/www.linkedin.com\/company\/18015670\/","https:\/\/www.youtube.com\/user\/AlbycoNederland","https:\/\/nl.pinterest.com\/albyco","https:\/\/twitter.com\/AlbycoNederland"],"logo":{"@type":"ImageObject","@id":"https:\/\/albycosale.com\/#logo","inLanguage":"fr-FR","url":"https:\/\/albycosale.com\/wp-content\/uploads\/2017\/07\/albyco_logo_hd.png","contentUrl":"https:\/\/albycosale.com\/wp-content\/uploads\/2017\/07\/albyco_logo_hd.png","width":300,"height":300,"caption":"Albyco Nederland B.V."},"image":{"@id":"https:\/\/albycosale.com\/#logo"}},{"@type":"WebSite","@id":"https:\/\/albycosale.com\/#website","url":"https:\/\/albycosale.com\/","name":"Albyco","description":"Leverancier voor nabewerking van geprinte media","publisher":{"@id":"https:\/\/albycosale.com\/#organization"},"potentialAction":[{"@type":"SearchAction","target":{"@type":"EntryPoint","urlTemplate":"https:\/\/albycosale.com\/?s={search_term_string}"},"query-input":"required name=search_term_string"}],"inLanguage":"fr-FR"},{"@type":"ImageObject","@id":"https:\/\/albycosale.com\/fr\/produit\/presentoir-de-comptoir-albyco-a5\/#primaryimage","inLanguage":"fr-FR","url":"https:\/\/albycosale.com\/wp-content\/uploads\/2022\/11\/Display-A5.jpg","contentUrl":"https:\/\/albycosale.com\/wp-content\/uploads\/2022\/11\/Display-A5.jpg","width":1536,"height":2048,"caption":"Pr\u00e9sentoir de comptoir Albyco A5"},{"@type":"WebPage","@id":"https:\/\/albycosale.com\/fr\/produit\/presentoir-de-comptoir-albyco-a5\/#webpage","url":"https:\/\/albycosale.com\/fr\/produit\/presentoir-de-comptoir-albyco-a5\/","name":"Pr\u00e9sentoir de comptoir Albyco A5 - Albyco","isPartOf":{"@id":"https:\/\/albycosale.com\/#website"},"primaryImageOfPage":{"@id":"https:\/\/albycosale.com\/fr\/produit\/presentoir-de-comptoir-albyco-a5\/#primaryimage"},"datePublished":"2022-11-22T09:42:32+00:00","dateModified":"2023-07-31T09:46:26+00:00","description":"Pr\u00e9sentoir de comptoir Albyco A5 Pr\u00e9sentoir de comptoir simple pour faire-part, offres, etc. Format papier A5, donc pour feuilles de 21 cm de haut x 14,85 cm de large","breadcrumb":{"@id":"https:\/\/albycosale.com\/fr\/produit\/presentoir-de-comptoir-albyco-a5\/#breadcrumb"},"inLanguage":"fr-FR","potentialAction":[{"@type":"ReadAction","target":["https:\/\/albycosale.com\/fr\/produit\/presentoir-de-comptoir-albyco-a5\/"]}]},{"@type":"BreadcrumbList","@id":"https:\/\/albycosale.com\/fr\/produit\/presentoir-de-comptoir-albyco-a5\/#breadcrumb","itemListElement":[{"@type":"ListItem","position":1,"name":"Home","item":"https:\/\/albycosale.com\/fr\/"},{"@type":"ListItem","position":2,"name":"Les produits","item":"https:\/\/albycosale.com\/fr\/producten\/"},{"@type":"ListItem","position":3,"name":"Pr\u00e9sentoir de comptoir Albyco A5"}]}]}},"_links":{"self":[{"href":"https:\/\/albycosale.com\/fr\/wp-json\/wp\/v2\/product\/42611"}],"collection":[{"href":"https:\/\/albycosale.com\/fr\/wp-json\/wp\/v2\/product"}],"about":[{"href":"https:\/\/albycosale.com\/fr\/wp-json\/wp\/v2\/types\/product"}],"replies":[{"embeddable":true,"href":"https:\/\/albycosale.com\/fr\/wp-json\/wp\/v2\/comments?post=42611"}],"wp:featuredmedia":[{"embeddable":true,"href":"https:\/\/albycosale.com\/fr\/wp-json\/wp\/v2\/media\/40327"}],"wp:attachment":[{"href":"https:\/\/albycosale.com\/fr\/wp-json\/wp\/v2\/media?parent=42611"}],"wp:term":[{"taxonomy":"product_cat","embeddable":true,"href":"https:\/\/albycosale.com\/fr\/wp-json\/wp\/v2\/product_cat?post=42611"},{"taxonomy":"product_tag","embeddable":true,"href":"https:\/\/albycosale.com\/fr\/wp-json\/wp\/v2\/product_tag?post=42611"}],"curies":[{"name":"wp","href":"https:\/\/api.w.org\/{rel}","templated":true}]}}